{"id":1247,"date":"2020-09-12T16:40:14","date_gmt":"2020-09-12T14:40:14","guid":{"rendered":"http:\/\/jufotec.ch\/teammindfactory\/?page_id=1247"},"modified":"2025-06-05T22:24:49","modified_gmt":"2025-06-05T20:24:49","slug":"forschung","status":"publish","type":"page","link":"http:\/\/jufotec.ch\/teammindfactory\/saison2020\/forschung\/","title":{"rendered":"Forschung"},"content":{"rendered":"<div id=\"pl-1247\"  class=\"panel-layout\" ><div id=\"pg-1247-0\"  class=\"panel-grid panel-no-style\" ><div id=\"pgc-1247-0-0\"  class=\"panel-grid-cell\" ><div id=\"panel-1247-0-0-0\" class=\"so-panel widget widget_sow-editor panel-first-child panel-last-child\" data-index=\"0\" ><div\n\t\t\t\n\t\t\tclass=\"so-widget-sow-editor so-widget-sow-editor-base\"\n\t\t\t\n\t\t><h3 class=\"widget-title\">Routside - Escape for Fitness<\/h3>\n<div class=\"siteorigin-widget-tinymce textwidget\">\n\t<p>Auf der ganzen Welt besteht das Problem, dass die Leute nicht aktiv genug sind. Obwohl die negativen Folgen von Bewegungsmangel bekannt sind und es an M\u00f6glichkeiten sich zu bewegen auch nicht mangelt, bleibt das Problem bestehen und die Leute bewegen sich nicht mehr ausreichend.&nbsp;In einer von uns durchgef\u00fchrten Umfrage mit 107 Teilnehmern gaben 66% die mangelnde Zeit als Grund an, gefolgt von der fehlenden Motivation mit 34%. Andere Faktoren wie zum Beispiel fehlende Ausr\u00fcstung oder Platz stellen f\u00fcr die meisten kein Problem dar.<b>&nbsp;<\/b><\/p>\n<p>Um herauszufinden, wie wir am meisten Leute zu mehr Bewegung verhelfen k\u00f6nnen wendeten wir uns an Professor Dr. Claudio R. Nigg, der auf Motivation f\u00fcr Bewegung und Sport spezialisiert ist und uns sehr hilfreiche Denkanst\u00f6sse geben konnte:<\/p>\n<blockquote>\n<p>\u00abStark unmotivierte Leute sind sehr schwer zu motivieren, da sie jeder Aktivit\u00e4t gezielt aus dem Weg gehen. Es ist jedoch m\u00f6glich, eine L\u00f6sung f\u00fcr die Leute, die in der Umfrage angegeben haben, dass sie keine Zeit h\u00e4tten, zu entwickeln, denn die Forschung zeigt: Menschen suchen sich als Ausrede die vermeintlich fehlende Zeit. Dahinter stecken Priorit\u00e4ten. Die Leute besch\u00e4ftigen sich lieber mit TV, Social Media, etc., was viel Zeit beansprucht. Die Gesundheit hat nicht bei vielen die Priorit\u00e4t. Doch wenn Sport zur Unterhaltung werden w\u00fcrde, w\u00fcrden die Leute Sport wieder mehr Priorit\u00e4t geben.\u00bb<\/p>\n<\/blockquote>\n<p>Nach dem Telefonat stellten wir uns deshalb die Frage:<\/p>\n<p style=\"text-align: left;\"><em><strong><span style=\"color: #ff0000;\"><span style=\"color: #000000;\">Wie k\u00f6nnen wir Bewegung unterhaltsamer gestalten und so f\u00fcr eine gr\u00f6ssere Masse attraktiv machen?<\/span> <\/span><\/strong><\/em><\/p>\n<\/div>\n<\/div><\/div><\/div><\/div><div id=\"pg-1247-1\"  class=\"panel-grid panel-no-style\" ><div id=\"pgc-1247-1-0\"  class=\"panel-grid-cell\" ><div id=\"panel-1247-1-0-0\" class=\"so-panel widget widget_sow-image panel-first-child panel-last-child\" data-index=\"1\" ><div\n\t\t\t\n\t\t\tclass=\"so-widget-sow-image so-widget-sow-image-default-c67d20f9f743-1247\"\n\t\t\t\n\t\t>\n<div class=\"sow-image-container\">\n\t\t<img \n\tsrc=\"http:\/\/jufotec.ch\/teammindfactory\/files\/2020\/11\/routsidelogo-1024x507.png\" width=\"640\" height=\"317\" srcset=\"http:\/\/jufotec.ch\/teammindfactory\/files\/2020\/11\/routsidelogo-1024x507.png 1024w, http:\/\/jufotec.ch\/teammindfactory\/files\/2020\/11\/routsidelogo-300x149.png 300w, http:\/\/jufotec.ch\/teammindfactory\/files\/2020\/11\/routsidelogo-768x381.png 768w, http:\/\/jufotec.ch\/teammindfactory\/files\/2020\/11\/routsidelogo.png 1562w\" sizes=\"(max-width: 640px) 100vw, 640px\" alt=\"\" \t\tclass=\"so-widget-image\"\/>\n\t<\/div>\n\n<\/div><\/div><\/div><\/div><div id=\"pg-1247-2\"  class=\"panel-grid panel-no-style\" ><div id=\"pgc-1247-2-0\"  class=\"panel-grid-cell\" ><div id=\"panel-1247-2-0-0\" class=\"so-panel widget widget_sow-editor panel-first-child panel-last-child\" data-index=\"2\" ><div\n\t\t\t\n\t\t\tclass=\"so-widget-sow-editor so-widget-sow-editor-base\"\n\t\t\t\n\t\t>\n<div class=\"siteorigin-widget-tinymce textwidget\">\n\t<p>Unsere L\u00f6sung ist&nbsp;<strong>Routside<\/strong>. Es handelt sich um eine App, bei der man Routen, welche entweder von einem selbst oder von einer anderen Person erstellt wurden, laufen kann. Die Route braucht keine vorinstallierten Posten, da die Kontrolle der Posten \u00fcber GPS erfolgt. Deshalb kann man ohne Probleme eine Route mehrere Male am selben Ort laufen. Beim Generieren kann man ausw\u00e4hlen, ob man die Strecke mit einer OL-Karte oder mit R\u00e4tseln ablaufen will. Bei den R\u00e4tseln handelt es sich um Bilder, kurze Texte oder auch Karten. Die Route \u00fcberpr\u00fcfen, kann man w\u00e4hrend dem Laufen auf dem Handy. Zus\u00e4tzlich haben wir verschiedene Modi, wie eine Sehensw\u00fcrdigkeiten- oder Schatzsuchroute eingebaut.&nbsp;<\/p>\n<p>Es ist auch wissenschaftlich nachgewiesen, dass Gehen und Laufen unter anderem beim Abnehmen hilft, die Konzentration verbessert und Muskeln, Gelenke und Knochen st\u00e4rkt. Dar\u00fcber hinaus werden das Selbstbewusstsein und das Selbstwertgef\u00fchl erh\u00f6ht. Man hat beim Gehen einen besseren Kontakt zu den Mitmenschen, wenn man raus geht. Man trainiert mit den R\u00e4tseln auch das Gehirn beim Laufen.&nbsp;<\/p>\n<p>Feedback von Professor Dr. Claudio R. Nigg:<\/p>\n<blockquote>\n<p>Wie gesagt: die Priorit\u00e4ten sind wichtig. Damit Leute ihre Priorit\u00e4t auf eure App setzen, muss sie Abwechslung bieten. Ansonsten verlieren die Menschen schnell ihr Interesse und kehren zu ihrem alten Verhaltensmuster zur\u00fcck. Damit das nicht passiert sollte das Interesse der Leute mindestens 1 Jahr vorhanden sein. Um das zu erreichen, m\u00fcssen die Menschen Abwechslung haben.&nbsp;<\/p>\n<\/blockquote>\n<p>Deshalb haben wir die App so konstruiert, dass man Routen von anderen Nutzern machen und verschiedene Modi spielen kann. Das ist besonders innovativ und anders als beispielsweise bei der existierenden App&nbsp;<em>GPS Orienteering<\/em>. Da muss man den Kurs jedes Mal selbst generieren und weiss immer schon, wohin man laufen wird. Mit&nbsp;<strong>Routside<\/strong>&nbsp;wird das nicht passieren und mit den zus\u00e4tzlichen Modi macht es umso mehr Spass!<\/p>\n<p>&nbsp;<\/p>\n<p>\u00dcberzeugen Sie sich selbst und testen Sie <strong>Routside<\/strong> <a href=\"https:\/\/routside.jufotec.ch\">hier<\/a>!<\/p>\n<p>Weitere Informationen zu unserem Vorgehen als <a href=\"http:\/\/jufotec.ch\/teammindfactory\/files\/2020\/09\/Forschungsdossier.pdf\">PDF<\/a>.<\/p>\n<\/div>\n<\/div><\/div><\/div><\/div><div id=\"pg-1247-3\"  class=\"panel-grid panel-no-style\" ><div id=\"pgc-1247-3-0\"  class=\"panel-grid-cell\" ><div id=\"panel-1247-3-0-0\" class=\"so-panel widget widget_sow-image panel-first-child panel-last-child\" data-index=\"3\" ><div\n\t\t\t\n\t\t\tclass=\"so-widget-sow-image so-widget-sow-image-default-8b5b6f678277-1247\"\n\t\t\t\n\t\t>\n<div class=\"sow-image-container\">\n\t\t<img \n\tsrc=\"http:\/\/jufotec.ch\/teammindfactory\/files\/2021\/01\/Screenshot-17.png\" width=\"1418\" height=\"946\" srcset=\"http:\/\/jufotec.ch\/teammindfactory\/files\/2021\/01\/Screenshot-17.png 1418w, http:\/\/jufotec.ch\/teammindfactory\/files\/2021\/01\/Screenshot-17-300x200.png 300w, http:\/\/jufotec.ch\/teammindfactory\/files\/2021\/01\/Screenshot-17-768x512.png 768w, http:\/\/jufotec.ch\/teammindfactory\/files\/2021\/01\/Screenshot-17-1024x683.png 1024w, http:\/\/jufotec.ch\/teammindfactory\/files\/2021\/01\/Screenshot-17-750x500.png 750w, http:\/\/jufotec.ch\/teammindfactory\/files\/2021\/01\/Screenshot-17-272x182.png 272w\" sizes=\"(max-width: 1418px) 100vw, 1418px\" title=\"Screenshot (17)\" alt=\"\" \t\tclass=\"so-widget-image\"\/>\n\t<\/div>\n\n<\/div><\/div><\/div><div id=\"pgc-1247-3-1\"  class=\"panel-grid-cell\" ><div id=\"panel-1247-3-1-0\" class=\"so-panel widget widget_sow-image panel-first-child panel-last-child\" data-index=\"4\" ><div\n\t\t\t\n\t\t\tclass=\"so-widget-sow-image so-widget-sow-image-default-8b5b6f678277-1247\"\n\t\t\t\n\t\t>\n<div class=\"sow-image-container\">\n\t\t<img \n\tsrc=\"http:\/\/jufotec.ch\/teammindfactory\/files\/2021\/01\/Screenshot-16.png\" width=\"1452\" height=\"968\" srcset=\"http:\/\/jufotec.ch\/teammindfactory\/files\/2021\/01\/Screenshot-16.png 1452w, http:\/\/jufotec.ch\/teammindfactory\/files\/2021\/01\/Screenshot-16-300x200.png 300w, http:\/\/jufotec.ch\/teammindfactory\/files\/2021\/01\/Screenshot-16-768x512.png 768w, http:\/\/jufotec.ch\/teammindfactory\/files\/2021\/01\/Screenshot-16-1024x683.png 1024w, http:\/\/jufotec.ch\/teammindfactory\/files\/2021\/01\/Screenshot-16-750x500.png 750w, http:\/\/jufotec.ch\/teammindfactory\/files\/2021\/01\/Screenshot-16-272x182.png 272w\" sizes=\"(max-width: 1452px) 100vw, 1452px\" title=\"Screenshot (16)\" alt=\"\" \t\tclass=\"so-widget-image\"\/>\n\t<\/div>\n\n<\/div><\/div><\/div><\/div><\/div>","protected":false},"excerpt":{"rendered":"<p>Auf der ganzen Welt besteht das Problem, dass die Leute nicht aktiv genug sind. Obwohl die negativen Folgen von Bewegungsmangel bekannt sind und es an M\u00f6glichkeiten sich zu bewegen auch nicht mangelt, bleibt das Problem bestehen und die Leute bewegen sich nicht mehr ausreichend.&nbsp;In einer von uns durchgef\u00fchrten Umfrage mit 107 Teilnehmern gaben 66% die <a href=\"http:\/\/jufotec.ch\/teammindfactory\/saison2020\/forschung\/\" rel=\"nofollow\"><span class=\"sr-only\">Read more about Forschung<\/span>[&hellip;]<\/a><\/p>\n","protected":false},"author":1,"featured_media":0,"parent":1209,"menu_order":0,"comment_status":"closed","ping_status":"closed","template":"","meta":{"ngg_post_thumbnail":0,"footnotes":""},"class_list":["post-1247","page","type-page","status-publish","hentry"],"_links":{"self":[{"href":"http:\/\/jufotec.ch\/teammindfactory\/wp-json\/wp\/v2\/pages\/1247","targetHints":{"allow":["GET"]}}],"collection":[{"href":"http:\/\/jufotec.ch\/teammindfactory\/wp-json\/wp\/v2\/pages"}],"about":[{"href":"http:\/\/jufotec.ch\/teammindfactory\/wp-json\/wp\/v2\/types\/page"}],"author":[{"embeddable":true,"href":"http:\/\/jufotec.ch\/teammindfactory\/wp-json\/wp\/v2\/users\/1"}],"replies":[{"embeddable":true,"href":"http:\/\/jufotec.ch\/teammindfactory\/wp-json\/wp\/v2\/comments?post=1247"}],"version-history":[{"count":25,"href":"http:\/\/jufotec.ch\/teammindfactory\/wp-json\/wp\/v2\/pages\/1247\/revisions"}],"predecessor-version":[{"id":1943,"href":"http:\/\/jufotec.ch\/teammindfactory\/wp-json\/wp\/v2\/pages\/1247\/revisions\/1943"}],"up":[{"embeddable":true,"href":"http:\/\/jufotec.ch\/teammindfactory\/wp-json\/wp\/v2\/pages\/1209"}],"wp:attachment":[{"href":"http:\/\/jufotec.ch\/teammindfactory\/wp-json\/wp\/v2\/media?parent=1247"}],"curies":[{"name":"wp","href":"https:\/\/api.w.org\/{rel}","templated":true}]}}