{"id":1474,"date":"2022-10-22T16:07:53","date_gmt":"2022-10-22T14:07:53","guid":{"rendered":"http:\/\/jufotec.ch\/teammindfactory\/?page_id=1474"},"modified":"2022-11-05T16:18:35","modified_gmt":"2022-11-05T15:18:35","slug":"saison-20222023","status":"publish","type":"page","link":"http:\/\/jufotec.ch\/teammindfactory\/saison-20222023\/","title":{"rendered":"Saison 2022\/2023"},"content":{"rendered":"<div id=\"pl-1474\"  class=\"panel-layout\" ><div id=\"pg-1474-0\"  class=\"panel-grid panel-no-style\" ><div id=\"pgc-1474-0-0\"  class=\"panel-grid-cell\" ><div id=\"panel-1474-0-0-0\" class=\"so-panel widget widget_text panel-first-child\" data-index=\"0\" >\t\t\t<div class=\"textwidget\"> <\/div>\n\t\t<\/div><div id=\"panel-1474-0-0-1\" class=\"so-panel widget widget_sow-button panel-last-child\" data-index=\"1\" ><div\n\t\t\t\n\t\t\tclass=\"so-widget-sow-button so-widget-sow-button-atom-857739567c6a-1474\"\n\t\t\t\n\t\t><div class=\"ow-button-base ow-button-align-center\"\n>\n\t\t\t<a\n\t\t\t\t\thref=\"http:\/\/jufotec.ch\/teammindfactory\/saison-20222023\/forschung\/\"\n\t\t\t\t\tclass=\"sowb-button ow-icon-placement-left ow-button-hover\" \t>\n\t\t<span>\n\t\t\t<span class=\"sow-icon-fontawesome sow-fas\" data-sow-icon=\"&#xf0c3;\"\n\t\tstyle=\"color: #dd3333\" \n\t\taria-hidden=\"true\"><\/span>\n\t\t\tForschung\t\t<\/span>\n\t\t\t<\/a>\n\t<\/div>\n<\/div><\/div><\/div><div id=\"pgc-1474-0-1\"  class=\"panel-grid-cell\" ><div id=\"panel-1474-0-1-0\" class=\"so-panel widget widget_text panel-first-child\" data-index=\"2\" >\t\t\t<div class=\"textwidget\"> <\/div>\n\t\t<\/div><div id=\"panel-1474-0-1-1\" class=\"so-panel widget widget_sow-button panel-last-child\" data-index=\"3\" ><div\n\t\t\t\n\t\t\tclass=\"so-widget-sow-button so-widget-sow-button-atom-857739567c6a-1474\"\n\t\t\t\n\t\t><div class=\"ow-button-base ow-button-align-center\"\n>\n\t\t\t<a\n\t\t\t\t\thref=\"http:\/\/jufotec.ch\/teammindfactory\/saison-20222023\/bildervideos\/\"\n\t\t\t\t\tclass=\"sowb-button ow-icon-placement-left ow-button-hover\" \t>\n\t\t<span>\n\t\t\t<span class=\"sow-icon-fontawesome sow-fas\" data-sow-icon=\"&#xf008;\"\n\t\tstyle=\"color: #dd3333\" \n\t\taria-hidden=\"true\"><\/span>\n\t\t\tBilder &amp; Videos\t\t<\/span>\n\t\t\t<\/a>\n\t<\/div>\n<\/div><\/div><\/div><\/div><div id=\"pg-1474-1\"  class=\"panel-grid panel-no-style\" ><div id=\"pgc-1474-1-0\"  class=\"panel-grid-cell\" ><div id=\"panel-1474-1-0-0\" class=\"so-panel widget widget_text panel-first-child panel-last-child\" data-index=\"4\" ><h3 class=\"widget-title\">SUPERPOWERED<\/h3>\t\t\t<div class=\"textwidget\"><\/div>\n\t\t<\/div><\/div><\/div><div id=\"pg-1474-2\"  class=\"panel-grid panel-no-style\" ><div id=\"pgc-1474-2-0\"  class=\"panel-grid-cell\" ><div id=\"panel-1474-2-0-0\" class=\"so-panel widget widget_sow-image panel-first-child panel-last-child\" data-index=\"5\" ><div\n\t\t\t\n\t\t\tclass=\"so-widget-sow-image so-widget-sow-image-default-8b5b6f678277-1474\"\n\t\t\t\n\t\t>\n<div class=\"sow-image-container\">\n\t\t<img \n\tsrc=\"http:\/\/jufotec.ch\/teammindfactory\/files\/2022\/10\/download-removebg-preview.png\" width=\"224\" height=\"224\" srcset=\"http:\/\/jufotec.ch\/teammindfactory\/files\/2022\/10\/download-removebg-preview.png 224w, http:\/\/jufotec.ch\/teammindfactory\/files\/2022\/10\/download-removebg-preview-150x150.png 150w, http:\/\/jufotec.ch\/teammindfactory\/files\/2022\/10\/download-removebg-preview-174x174.png 174w\" sizes=\"(max-width: 224px) 100vw, 224px\" title=\"SUPERPOWERED\" alt=\"\" \t\tclass=\"so-widget-image\"\/>\n\t<\/div>\n\n<\/div><\/div><\/div><div id=\"pgc-1474-2-1\"  class=\"panel-grid-cell\" ><div id=\"panel-1474-2-1-0\" class=\"so-panel widget widget_text panel-first-child panel-last-child\" data-index=\"6\" >\t\t\t<div class=\"textwidget\"><p>F\u00fcr die meisten von uns ist es selbstverst\u00e4ndlich, dass wir immer und \u00fcberall \u201eEnergie tanken\u201c k\u00f6nnen. Aber wie wird unsere Energie eigentlich erzeugt, gespeichert, verteilt und verbraucht? Werden wir immer genug Energie zur Verf\u00fcgung haben? Wie kann die Zukunft der Energiegewinnung und des Energieverbrauchs aussehen? Darum geht es in der Saison 2022\/23.<\/p>\n<\/div>\n\t\t<\/div><\/div><\/div><\/div>","protected":false},"excerpt":{"rendered":"<p>Forschung Bilder &amp; Videos SUPERPOWERED F\u00fcr die meisten von uns ist es selbstverst\u00e4ndlich, dass wir immer und \u00fcberall \u201eEnergie tanken\u201c k\u00f6nnen. Aber wie wird unsere Energie eigentlich erzeugt, gespeichert, verteilt und verbraucht? Werden wir immer genug Energie zur Verf\u00fcgung haben? Wie kann die Zukunft der Energiegewinnung und des Energieverbrauchs aussehen? Darum geht es in der <a href=\"http:\/\/jufotec.ch\/teammindfactory\/saison-20222023\/\" rel=\"nofollow\"><span class=\"sr-only\">Read more about Saison 2022\/2023<\/span>[&hellip;]<\/a><\/p>\n","protected":false},"author":1,"featured_media":0,"parent":0,"menu_order":0,"comment_status":"closed","ping_status":"closed","template":"template-fullwidth.php","meta":{"ngg_post_thumbnail":0,"footnotes":""},"class_list":["post-1474","page","type-page","status-publish","hentry"],"_links":{"self":[{"href":"http:\/\/jufotec.ch\/teammindfactory\/wp-json\/wp\/v2\/pages\/1474","targetHints":{"allow":["GET"]}}],"collection":[{"href":"http:\/\/jufotec.ch\/teammindfactory\/wp-json\/wp\/v2\/pages"}],"about":[{"href":"http:\/\/jufotec.ch\/teammindfactory\/wp-json\/wp\/v2\/types\/page"}],"author":[{"embeddable":true,"href":"http:\/\/jufotec.ch\/teammindfactory\/wp-json\/wp\/v2\/users\/1"}],"replies":[{"embeddable":true,"href":"http:\/\/jufotec.ch\/teammindfactory\/wp-json\/wp\/v2\/comments?post=1474"}],"version-history":[{"count":15,"href":"http:\/\/jufotec.ch\/teammindfactory\/wp-json\/wp\/v2\/pages\/1474\/revisions"}],"predecessor-version":[{"id":1688,"href":"http:\/\/jufotec.ch\/teammindfactory\/wp-json\/wp\/v2\/pages\/1474\/revisions\/1688"}],"wp:attachment":[{"href":"http:\/\/jufotec.ch\/teammindfactory\/wp-json\/wp\/v2\/media?parent=1474"}],"curies":[{"name":"wp","href":"https:\/\/api.w.org\/{rel}","templated":true}]}}