{"id":1498,"date":"2022-10-22T16:44:58","date_gmt":"2022-10-22T14:44:58","guid":{"rendered":"http:\/\/jufotec.ch\/teammindfactory\/?page_id=1498"},"modified":"2025-06-05T22:22:01","modified_gmt":"2025-06-05T20:22:01","slug":"forschung","status":"publish","type":"page","link":"http:\/\/jufotec.ch\/teammindfactory\/saison-20222023\/forschung\/","title":{"rendered":"Forschung"},"content":{"rendered":"<div id=\"pl-1498\"  class=\"panel-layout\" ><div id=\"pg-1498-0\"  class=\"panel-grid panel-no-style\" ><div id=\"pgc-1498-0-0\"  class=\"panel-grid-cell\" ><div id=\"panel-1498-0-0-0\" class=\"so-panel widget widget_sow-editor panel-first-child\" data-index=\"0\" ><div\n\t\t\t\n\t\t\tclass=\"so-widget-sow-editor so-widget-sow-editor-base\"\n\t\t\t\n\t\t><h3 class=\"widget-title\">Problem<\/h3>\n<div class=\"siteorigin-widget-tinymce textwidget\">\n\t<p><span style=\"font-weight: 400;\">\u00dcberall in der Welt mangelt es an Energie. Die weltweite Energiekrise stellt uns vor neue Herausforderungen. Strom sparen ist angesagt.<\/span><\/p>\n<p><span style=\"font-weight: 400;\">Gem\u00e4ss dem Schweizerischen Bundesamt f\u00fcr Energie macht der Haushalt 34,6% des gesamten Stromverbrauchs in der Schweiz aus. 23,7% davon sind der K\u00fcche zuzuschreiben. Diese enorme Menge an Strom kostet Schweizer Haushalte j\u00e4hrlich insgesamt 4 Milliarden Franken.<\/span><\/p>\n<\/div>\n<\/div><\/div><div id=\"panel-1498-0-0-1\" class=\"so-panel widget widget_sow-editor\" data-index=\"1\" ><div\n\t\t\t\n\t\t\tclass=\"so-widget-sow-editor so-widget-sow-editor-base\"\n\t\t\t\n\t\t><h3 class=\"widget-title\">Forschungsfrage<\/h3>\n<div class=\"siteorigin-widget-tinymce textwidget\">\n\t<p><i><span style=\"font-weight: 400;\">\u201cWie k\u00f6nnen wir mit einer einfachen, benutzerfreundlichen, kostenneutralen L\u00f6sung den Leuten das Stromsparen im Privathaushalt, vor allem beim Kochen, effektiv n\u00e4herbringen?\u201d<\/span><\/i><\/p>\n<\/div>\n<\/div><\/div><div id=\"panel-1498-0-0-2\" class=\"so-panel widget widget_sow-editor\" data-index=\"2\" ><div\n\t\t\t\n\t\t\tclass=\"so-widget-sow-editor so-widget-sow-editor-base\"\n\t\t\t\n\t\t><h3 class=\"widget-title\">L\u00f6sung<\/h3>\n<div class=\"siteorigin-widget-tinymce textwidget\">\n\t<p><span style=\"font-weight: 400;\">Um dem gravierenden Strommangel entgegenzuwirken, haben wir im Team eine Koch-Webseite mit Rezepten entwickelt, die ausschliesslich einen niedrigeren Stromverbrauch als die entsprechende herk\u00f6mmliche Variante vorweisen. Wir erl\u00e4utern auf unserer Webseite verschiedene Tipps und Tricks, um das Essen auf eine m\u00f6glichst sparsame Art und Weise zuzubereiten. Unser Kochbuch ist sehr umfangreich: von Snacks bis zu vollwertigen Mahlzeiten ist alles enthalten.&nbsp;<\/span><\/p>\n<p><span style=\"font-weight: 400;\">Wir haben verschiedene Experten zu ihrer Meinung zu unserer Idee gefragt und nur positives Feedback erhalten.&nbsp;<\/span><span style=\"font-weight: 400;\">Beispielsweise meint Felix Nipkow von der Schweizerischen Energie-Stiftung: <\/span><i><span style=\"font-weight: 400;\">\u201cDanke f\u00fcr eure Anfrage. Stromverschwendung ist ein wichtiges Thema und es ist auf jeden Fall sinnvoll, da anzusetzen.\u201d <\/span><\/i><span style=\"font-weight: 400;\">Thomas Elmiger von den Energie Experten antwortet: <\/span><i><span style=\"font-weight: 400;\">\u201cWir finden eure Idee super! Am besten finde ich die Idee mit den Rezepten. Wer ein einfaches Rezept f\u00fcr ein schmackhaftes Gericht findet, muss sich gar keine Gedanken mehr machen, ob man den Ofen jetzt vorheizen oder 10 Minuten fr\u00fcher ausschalten soll, weil es im Rezept ja schon so drinsteht.\u201d<\/span><\/i><\/p>\n<\/div>\n<\/div><\/div><div id=\"panel-1498-0-0-3\" class=\"so-panel widget widget_sow-image\" data-index=\"3\" ><div\n\t\t\t\n\t\t\tclass=\"so-widget-sow-image so-widget-sow-image-default-8b5b6f678277-1498\"\n\t\t\t\n\t\t>\n<div class=\"sow-image-container\">\n\t\t<img \n\tsrc=\"http:\/\/jufotec.ch\/teammindfactory\/files\/2022\/12\/Bildschirmfoto-2022-12-17-um-10.57.13.png\" width=\"3104\" height=\"1974\" srcset=\"http:\/\/jufotec.ch\/teammindfactory\/files\/2022\/12\/Bildschirmfoto-2022-12-17-um-10.57.13.png 3104w, http:\/\/jufotec.ch\/teammindfactory\/files\/2022\/12\/Bildschirmfoto-2022-12-17-um-10.57.13-300x191.png 300w, http:\/\/jufotec.ch\/teammindfactory\/files\/2022\/12\/Bildschirmfoto-2022-12-17-um-10.57.13-1024x651.png 1024w, http:\/\/jufotec.ch\/teammindfactory\/files\/2022\/12\/Bildschirmfoto-2022-12-17-um-10.57.13-768x488.png 768w, http:\/\/jufotec.ch\/teammindfactory\/files\/2022\/12\/Bildschirmfoto-2022-12-17-um-10.57.13-1536x977.png 1536w, http:\/\/jufotec.ch\/teammindfactory\/files\/2022\/12\/Bildschirmfoto-2022-12-17-um-10.57.13-2048x1302.png 2048w\" sizes=\"(max-width: 3104px) 100vw, 3104px\" title=\"Homepage\" alt=\"\" \t\tclass=\"so-widget-image\"\/>\n\t<\/div>\n\n<\/div><\/div><div id=\"panel-1498-0-0-4\" class=\"so-panel widget widget_sow-image\" data-index=\"4\" ><div\n\t\t\t\n\t\t\tclass=\"so-widget-sow-image so-widget-sow-image-default-8b5b6f678277-1498\"\n\t\t\t\n\t\t>\n<div class=\"sow-image-container\">\n\t\t<img \n\tsrc=\"http:\/\/jufotec.ch\/teammindfactory\/files\/2022\/12\/Bildschirmfoto-2022-12-17-um-10.57.26.png\" width=\"3104\" height=\"1974\" srcset=\"http:\/\/jufotec.ch\/teammindfactory\/files\/2022\/12\/Bildschirmfoto-2022-12-17-um-10.57.26.png 3104w, http:\/\/jufotec.ch\/teammindfactory\/files\/2022\/12\/Bildschirmfoto-2022-12-17-um-10.57.26-300x191.png 300w, http:\/\/jufotec.ch\/teammindfactory\/files\/2022\/12\/Bildschirmfoto-2022-12-17-um-10.57.26-1024x651.png 1024w, http:\/\/jufotec.ch\/teammindfactory\/files\/2022\/12\/Bildschirmfoto-2022-12-17-um-10.57.26-768x488.png 768w, http:\/\/jufotec.ch\/teammindfactory\/files\/2022\/12\/Bildschirmfoto-2022-12-17-um-10.57.26-1536x977.png 1536w, http:\/\/jufotec.ch\/teammindfactory\/files\/2022\/12\/Bildschirmfoto-2022-12-17-um-10.57.26-2048x1302.png 2048w\" sizes=\"(max-width: 3104px) 100vw, 3104px\" title=\"Rezept\" alt=\"\" \t\tclass=\"so-widget-image\"\/>\n\t<\/div>\n\n<\/div><\/div><div id=\"panel-1498-0-0-5\" class=\"so-panel widget widget_sow-editor panel-last-child\" data-index=\"5\" ><div\n\t\t\t\n\t\t\tclass=\"so-widget-sow-editor so-widget-sow-editor-base\"\n\t\t\t\n\t\t>\n<div class=\"siteorigin-widget-tinymce textwidget\">\n\t<p>EatLessEnergy ist auch nach Saisonende <a href=\"https:\/\/yurix.ch\/eatlessenergy\/\">hier<\/a> zu finden.<\/p>\n<\/div>\n<\/div><\/div><\/div><\/div><\/div>","protected":false},"excerpt":{"rendered":"<p>\u00dcberall in der Welt mangelt es an Energie. Die weltweite Energiekrise stellt uns vor neue Herausforderungen. Strom sparen ist angesagt. Gem\u00e4ss dem Schweizerischen Bundesamt f\u00fcr Energie macht der Haushalt 34,6% des gesamten Stromverbrauchs in der Schweiz aus. 23,7% davon sind der K\u00fcche zuzuschreiben. Diese enorme Menge an Strom kostet Schweizer Haushalte j\u00e4hrlich insgesamt 4 Milliarden <a href=\"http:\/\/jufotec.ch\/teammindfactory\/saison-20222023\/forschung\/\" rel=\"nofollow\"><span class=\"sr-only\">Read more about Forschung<\/span>[&hellip;]<\/a><\/p>\n","protected":false},"author":1,"featured_media":0,"parent":1474,"menu_order":0,"comment_status":"closed","ping_status":"closed","template":"","meta":{"ngg_post_thumbnail":0,"footnotes":""},"class_list":["post-1498","page","type-page","status-publish","hentry"],"_links":{"self":[{"href":"http:\/\/jufotec.ch\/teammindfactory\/wp-json\/wp\/v2\/pages\/1498","targetHints":{"allow":["GET"]}}],"collection":[{"href":"http:\/\/jufotec.ch\/teammindfactory\/wp-json\/wp\/v2\/pages"}],"about":[{"href":"http:\/\/jufotec.ch\/teammindfactory\/wp-json\/wp\/v2\/types\/page"}],"author":[{"embeddable":true,"href":"http:\/\/jufotec.ch\/teammindfactory\/wp-json\/wp\/v2\/users\/1"}],"replies":[{"embeddable":true,"href":"http:\/\/jufotec.ch\/teammindfactory\/wp-json\/wp\/v2\/comments?post=1498"}],"version-history":[{"count":14,"href":"http:\/\/jufotec.ch\/teammindfactory\/wp-json\/wp\/v2\/pages\/1498\/revisions"}],"predecessor-version":[{"id":1941,"href":"http:\/\/jufotec.ch\/teammindfactory\/wp-json\/wp\/v2\/pages\/1498\/revisions\/1941"}],"up":[{"embeddable":true,"href":"http:\/\/jufotec.ch\/teammindfactory\/wp-json\/wp\/v2\/pages\/1474"}],"wp:attachment":[{"href":"http:\/\/jufotec.ch\/teammindfactory\/wp-json\/wp\/v2\/media?parent=1498"}],"curies":[{"name":"wp","href":"https:\/\/api.w.org\/{rel}","templated":true}]}}