{"id":1840,"date":"2024-09-01T22:53:31","date_gmt":"2024-09-01T20:53:31","guid":{"rendered":"https:\/\/jufotec.ch\/teammindfactory\/?page_id=1840"},"modified":"2025-12-22T13:35:04","modified_gmt":"2025-12-22T12:35:04","slug":"forschung","status":"publish","type":"page","link":"http:\/\/jufotec.ch\/teammindfactory\/saison-2024-2025\/forschung\/","title":{"rendered":"Forschung 24\/25"},"content":{"rendered":"<div id=\"pl-1840\"  class=\"panel-layout\" ><div id=\"pg-1840-0\"  class=\"panel-grid panel-no-style\" ><div id=\"pgc-1840-0-0\"  class=\"panel-grid-cell\" ><div id=\"panel-1840-0-0-0\" class=\"so-panel widget widget_sow-editor panel-first-child\" data-index=\"0\" ><div\n\t\t\t\n\t\t\tclass=\"so-widget-sow-editor so-widget-sow-editor-base\"\n\t\t\t\n\t\t><h3 class=\"widget-title\">Problem<\/h3>\n<div class=\"siteorigin-widget-tinymce textwidget\">\n\t<p dir=\"ltr\"><em>In den Meeren schwimmen viele sogenannte Treibbojen, welche verschiedene Daten f\u00fcr Wetterdienste und Katastrophenvorhersage messen.<br \/>\nDiese Bojen sind nicht befestigt und schwimmen frei mit der Str\u00f6mung mit. Allerdings haben die Bojen aufgrund ihrer Batterie eine relativ kurze Lebensdauer von 1 - 2 Jahren. Die Forscher sind gezwungen, die Bojen entweder aufw\u00e4ndig wieder einzusammeln oder sie im Meer als M\u00fcll herumtreiben zu lassen.<\/em><\/p>\n<\/div>\n<\/div><\/div><div id=\"panel-1840-0-0-1\" class=\"so-panel widget widget_sow-editor\" data-index=\"1\" ><div\n\t\t\t\n\t\t\tclass=\"so-widget-sow-editor so-widget-sow-editor-base\"\n\t\t\t\n\t\t><h3 class=\"widget-title\">Forschungsfrage<\/h3>\n<div class=\"siteorigin-widget-tinymce textwidget\">\n\t<p><em>Wie k\u00f6nnen wir Treibbojen so ver\u00e4ndern, dass Str\u00f6mungsforscher sich keine Gedanken mehr \u00fcber die Verschmutzung der Meere machen m\u00fcssen?<\/em><\/p>\n<p><em>\u00a0<\/em><\/p>\n<\/div>\n<\/div><\/div><div id=\"panel-1840-0-0-2\" class=\"so-panel widget widget_sow-editor panel-last-child\" data-index=\"2\" ><div\n\t\t\t\n\t\t\tclass=\"so-widget-sow-editor so-widget-sow-editor-base\"\n\t\t\t\n\t\t><h3 class=\"widget-title\">L\u00f6sung<\/h3>\n<div class=\"siteorigin-widget-tinymce textwidget\">\n\t<p><em>Unsere L\u00f6sung ist es, die Treibbojen schrittweise biologisch abbaubar zu machen, damit sie sich nach ihrer Lebensdauer im Wasser zersetzen. Eine Treibboje hat viele verschiedene Komponenten und f\u00fcr jeden Bestandteil braucht es andere Materialien.<br \/>\nF\u00fcr die H\u00fclle, die herk\u00f6mmlicherweise aus PLA oder ABS besteht, haben wir verschiedene biologisch abbaubare Materialien getestet. Am besten schnitt ein kompostierbarer Kunststoff namens PHA ab, da er Wasser- sowie UV-best\u00e4ndig und relativ g\u00fcnstig im Vergleich zu anderen kompostierbaren Stoffen ist. In einem n\u00e4chsten Schritt machten wir uns Gedanken \u00fcber die Dimensionen der Treibboje und designten die H\u00fclle f\u00fcr unseren Prototyp, welche wir aus PHA 3D-gedruckt haben. Im n\u00e4chsten Schritt widmeten wir uns der Elektronik, genauer gesagt der Batterie. Philipp Rittlewski vom Fraunhofer-Institut f\u00fcr Produktionstechnik und Automatisierung brachte uns auf eine Idee zur Umsetzung der biologisch abbaubaren Batterien, welche wir bereits gebaut und in einem n\u00e4chsten Schritt in unsere Boje integrieren wollen.<\/em><\/p>\n<\/div>\n<\/div><\/div><\/div><\/div><\/div>","protected":false},"excerpt":{"rendered":"<p>In den Meeren schwimmen viele sogenannte Treibbojen, welche verschiedene Daten f\u00fcr Wetterdienste und Katastrophenvorhersage messen. Diese Bojen sind nicht befestigt und schwimmen frei mit der Str\u00f6mung mit. Allerdings haben die Bojen aufgrund ihrer Batterie eine relativ kurze Lebensdauer von 1 &#8211; 2 Jahren. Die Forscher sind gezwungen, die Bojen entweder aufw\u00e4ndig wieder einzusammeln oder sie <a href=\"http:\/\/jufotec.ch\/teammindfactory\/saison-2024-2025\/forschung\/\" rel=\"nofollow\"><span class=\"sr-only\">Read more about Forschung 24\/25<\/span>[&hellip;]<\/a><\/p>\n","protected":false},"author":3,"featured_media":0,"parent":1832,"menu_order":0,"comment_status":"closed","ping_status":"closed","template":"","meta":{"ngg_post_thumbnail":0,"footnotes":""},"class_list":["post-1840","page","type-page","status-publish","hentry"],"_links":{"self":[{"href":"http:\/\/jufotec.ch\/teammindfactory\/wp-json\/wp\/v2\/pages\/1840","targetHints":{"allow":["GET"]}}],"collection":[{"href":"http:\/\/jufotec.ch\/teammindfactory\/wp-json\/wp\/v2\/pages"}],"about":[{"href":"http:\/\/jufotec.ch\/teammindfactory\/wp-json\/wp\/v2\/types\/page"}],"author":[{"embeddable":true,"href":"http:\/\/jufotec.ch\/teammindfactory\/wp-json\/wp\/v2\/users\/3"}],"replies":[{"embeddable":true,"href":"http:\/\/jufotec.ch\/teammindfactory\/wp-json\/wp\/v2\/comments?post=1840"}],"version-history":[{"count":8,"href":"http:\/\/jufotec.ch\/teammindfactory\/wp-json\/wp\/v2\/pages\/1840\/revisions"}],"predecessor-version":[{"id":1983,"href":"http:\/\/jufotec.ch\/teammindfactory\/wp-json\/wp\/v2\/pages\/1840\/revisions\/1983"}],"up":[{"embeddable":true,"href":"http:\/\/jufotec.ch\/teammindfactory\/wp-json\/wp\/v2\/pages\/1832"}],"wp:attachment":[{"href":"http:\/\/jufotec.ch\/teammindfactory\/wp-json\/wp\/v2\/media?parent=1840"}],"curies":[{"name":"wp","href":"https:\/\/api.w.org\/{rel}","templated":true}]}}