{"id":1973,"date":"2025-12-20T15:54:55","date_gmt":"2025-12-20T14:54:55","guid":{"rendered":"https:\/\/jufotec.ch\/teammindfactory\/?page_id=1973"},"modified":"2025-12-22T14:21:39","modified_gmt":"2025-12-22T13:21:39","slug":"saison-2025-2026","status":"publish","type":"page","link":"http:\/\/jufotec.ch\/teammindfactory\/saison-2025-2026\/","title":{"rendered":"Saison 2025\/2026"},"content":{"rendered":"<div id=\"pl-1973\"  class=\"panel-layout\" ><div id=\"pg-1973-0\"  class=\"panel-grid panel-no-style\" ><div id=\"pgc-1973-0-0\"  class=\"panel-grid-cell\" ><div id=\"panel-1973-0-0-0\" class=\"so-panel widget widget_sow-button panel-first-child panel-last-child\" data-index=\"0\" ><div\n\t\t\t\n\t\t\tclass=\"so-widget-sow-button so-widget-sow-button-atom-36e22cfc6189-1973\"\n\t\t\t\n\t\t><div class=\"ow-button-base ow-button-align-center\"\n>\n\t\t\t<a\n\t\t\t\t\thref=\"http:\/\/jufotec.ch\/teammindfactory\/saison-2024-2025\/forschung-2025-2026\/\"\n\t\t\t\t\tclass=\"sowb-button ow-icon-placement-left ow-button-hover\" \t>\n\t\t<span>\n\t\t\t<span class=\"sow-icon-fontawesome sow-fas\" data-sow-icon=\"&#xf0c3;\"\n\t\tstyle=\"color: #dd3333\" \n\t\taria-hidden=\"true\"><\/span>\n\t\t\tForschung\t\t<\/span>\n\t\t\t<\/a>\n\t<\/div>\n<\/div><\/div><\/div><div id=\"pgc-1973-0-1\"  class=\"panel-grid-cell\" ><div id=\"panel-1973-0-1-0\" class=\"so-panel widget widget_sow-button panel-first-child panel-last-child\" data-index=\"1\" ><div\n\t\t\t\n\t\t\tclass=\"so-widget-sow-button so-widget-sow-button-atom-36e22cfc6189-1973\"\n\t\t\t\n\t\t><div class=\"ow-button-base ow-button-align-center\"\n>\n\t\t\t<a\n\t\t\t\t\thref=\"http:\/\/jufotec.ch\/teammindfactory\/bilder-videos-2025-2026\/\"\n\t\t\t\t\tclass=\"sowb-button ow-icon-placement-left ow-button-hover\" \t>\n\t\t<span>\n\t\t\t<span class=\"sow-icon-fontawesome sow-fas\" data-sow-icon=\"&#xf0c3;\"\n\t\tstyle=\"color: #dd3333\" \n\t\taria-hidden=\"true\"><\/span>\n\t\t\tBilder\/Videos\t\t<\/span>\n\t\t\t<\/a>\n\t<\/div>\n<\/div><\/div><\/div><\/div><div id=\"pg-1973-1\"  class=\"panel-grid panel-no-style\" ><div id=\"pgc-1973-1-0\"  class=\"panel-grid-cell\" ><div id=\"panel-1973-1-0-0\" class=\"so-panel widget widget_text panel-first-child panel-last-child\" data-index=\"2\" ><h3 class=\"widget-title\">UNEARTHED<\/h3>\t\t\t<div class=\"textwidget\"><\/div>\n\t\t<\/div><\/div><\/div><div id=\"pg-1973-2\"  class=\"panel-grid panel-no-style\" ><div id=\"pgc-1973-2-0\"  class=\"panel-grid-cell\" ><div id=\"panel-1973-2-0-0\" class=\"so-panel widget widget_sow-image panel-first-child panel-last-child\" data-index=\"3\" ><div\n\t\t\t\n\t\t\tclass=\"so-widget-sow-image so-widget-sow-image-default-8b5b6f678277-1973\"\n\t\t\t\n\t\t>\n<div class=\"sow-image-container\">\n\t\t<img \n\tsrc=\"http:\/\/jufotec.ch\/teammindfactory\/files\/2025\/12\/41532e_7b636e335cd74b07932d59114169a647mv2.png.avif\" width=\"568\" height=\"554\" srcset=\"http:\/\/jufotec.ch\/teammindfactory\/files\/2025\/12\/41532e_7b636e335cd74b07932d59114169a647mv2.png.avif 568w, http:\/\/jufotec.ch\/teammindfactory\/files\/2025\/12\/41532e_7b636e335cd74b07932d59114169a647mv2.png-300x293.avif 300w\" sizes=\"(max-width: 568px) 100vw, 568px\" title=\"UNEARTHED\" alt=\"\" \t\tclass=\"so-widget-image\"\/>\n\t<\/div>\n\n<\/div><\/div><\/div><div id=\"pgc-1973-2-1\"  class=\"panel-grid-cell\" ><div id=\"panel-1973-2-1-0\" class=\"so-panel widget widget_text panel-first-child panel-last-child\" data-index=\"4\" >\t\t\t<div class=\"textwidget\"><p>Die Saison 25\/26 findet unter dem Motto Unearthed statt. Damit dreht sich die ganze Saison um das Thema Arch\u00e4ologie: Wie kann man Arch\u00e4ologen und Arch\u00e4ologinnen, Restauratoren und Restauratorinnen und allen anderen Personen, die sich mit Geschichte besch\u00e4ftigen, bei ihrer Arbeit helfen?<\/p>\n<p>Im Robotgame birgt der Roboter zum Beispiel ein wertvolles Artefakt f\u00fcr die Forscher oder legt ein Schiffswrack von Sand frei.<\/p>\n<p>In der <a href=\"https:\/\/jufotec.ch\/teammindfactory\/saison-2024-2025\/forschung-2025-2026\/\">Forschung<\/a> helfen wir Restauratoren, Gegenst\u00e4nde zu entsalzen, um sie langfristig zu konservieren.<\/p>\n<\/div>\n\t\t<\/div><\/div><\/div><\/div>","protected":false},"excerpt":{"rendered":"<p>Forschung Bilder\/Videos UNEARTHED Die Saison 25\/26 findet unter dem Motto Unearthed statt. Damit dreht sich die ganze Saison um das Thema Arch\u00e4ologie: Wie kann man Arch\u00e4ologen und Arch\u00e4ologinnen, Restauratoren und Restauratorinnen und allen anderen Personen, die sich mit Geschichte besch\u00e4ftigen, bei ihrer Arbeit helfen? Im Robotgame birgt der Roboter zum Beispiel ein wertvolles Artefakt f\u00fcr <a href=\"http:\/\/jufotec.ch\/teammindfactory\/saison-2025-2026\/\" rel=\"nofollow\"><span class=\"sr-only\">Read more about Saison 2025\/2026<\/span>[&hellip;]<\/a><\/p>\n","protected":false},"author":1,"featured_media":0,"parent":0,"menu_order":0,"comment_status":"closed","ping_status":"closed","template":"template-fullwidth.php","meta":{"ngg_post_thumbnail":0,"footnotes":""},"class_list":["post-1973","page","type-page","status-publish","hentry"],"_links":{"self":[{"href":"http:\/\/jufotec.ch\/teammindfactory\/wp-json\/wp\/v2\/pages\/1973","targetHints":{"allow":["GET"]}}],"collection":[{"href":"http:\/\/jufotec.ch\/teammindfactory\/wp-json\/wp\/v2\/pages"}],"about":[{"href":"http:\/\/jufotec.ch\/teammindfactory\/wp-json\/wp\/v2\/types\/page"}],"author":[{"embeddable":true,"href":"http:\/\/jufotec.ch\/teammindfactory\/wp-json\/wp\/v2\/users\/1"}],"replies":[{"embeddable":true,"href":"http:\/\/jufotec.ch\/teammindfactory\/wp-json\/wp\/v2\/comments?post=1973"}],"version-history":[{"count":6,"href":"http:\/\/jufotec.ch\/teammindfactory\/wp-json\/wp\/v2\/pages\/1973\/revisions"}],"predecessor-version":[{"id":2010,"href":"http:\/\/jufotec.ch\/teammindfactory\/wp-json\/wp\/v2\/pages\/1973\/revisions\/2010"}],"wp:attachment":[{"href":"http:\/\/jufotec.ch\/teammindfactory\/wp-json\/wp\/v2\/media?parent=1973"}],"curies":[{"name":"wp","href":"https:\/\/api.w.org\/{rel}","templated":true}]}}