{"id":1977,"date":"2025-12-20T15:58:37","date_gmt":"2025-12-20T14:58:37","guid":{"rendered":"https:\/\/jufotec.ch\/teammindfactory\/?page_id=1977"},"modified":"2025-12-22T14:14:18","modified_gmt":"2025-12-22T13:14:18","slug":"forschung-2025-2026","status":"publish","type":"page","link":"http:\/\/jufotec.ch\/teammindfactory\/saison-2024-2025\/forschung-2025-2026\/","title":{"rendered":"Forschung 2025\/2026"},"content":{"rendered":"<div id=\"pl-1977\"  class=\"panel-layout\" ><div id=\"pg-1977-0\"  class=\"panel-grid panel-no-style\" ><div id=\"pgc-1977-0-0\"  class=\"panel-grid-cell\" ><div id=\"panel-1977-0-0-0\" class=\"so-panel widget widget_sow-editor panel-first-child\" data-index=\"0\" ><div\n\t\t\t\n\t\t\tclass=\"so-widget-sow-editor so-widget-sow-editor-base\"\n\t\t\t\n\t\t><h3 class=\"widget-title\">Problem<\/h3>\n<div class=\"siteorigin-widget-tinymce textwidget\">\n\t<p><span style=\"font-weight: 400;\">Ein h\u00e4ufiges Problem in der Arch\u00e4ologie ist die Entsalzung von Funden. Wenn Artefakte \u00fcber Jahrhunderte unter der Erde liegen, nehmen sie Salze auf. Diese Salze fangen aufgrund von Sauerstoff und Luftfeuchtigkeit an, sich auszudehnen. Die Ausdehnung der Salze f\u00fchrt bei gewissen Funden dazu, dass sie auseinander gesprengt werden.<\/span><\/p>\n<p><span style=\"font-weight: 400;\">Aus diesem Grund m\u00fcssen Artefakte vor der Lagerung entsalzt werden.<\/span><\/p>\n<\/div>\n<\/div><\/div><div id=\"panel-1977-0-0-1\" class=\"so-panel widget widget_sow-editor\" data-index=\"1\" ><div\n\t\t\t\n\t\t\tclass=\"so-widget-sow-editor so-widget-sow-editor-base\"\n\t\t\t\n\t\t><h3 class=\"widget-title\">Forschungsfrage<\/h3>\n<div class=\"siteorigin-widget-tinymce textwidget\">\n\t<p><span style=\"font-weight: 400;\">Wie k\u00f6nnen wir die Arbeit von Arch\u00e4ologen erleichtern, indem wir die zeitaufw\u00e4ndige Arbeit der Entsalzung automatisieren?<\/span><\/p>\n<\/div>\n<\/div><\/div><div id=\"panel-1977-0-0-2\" class=\"so-panel widget widget_sow-editor\" data-index=\"2\" ><div\n\t\t\t\n\t\t\tclass=\"so-widget-sow-editor so-widget-sow-editor-base\"\n\t\t\t\n\t\t><h3 class=\"widget-title\">L\u00f6sung<\/h3>\n<div class=\"siteorigin-widget-tinymce textwidget\">\n\t<p><span style=\"font-weight: 400;\">Unsere L\u00f6sung ist ein automatischer Entsalzer. Die Fundgegenst\u00e4nde, welche entsalzt werden m\u00fcssen, werden \u00fcber einen l\u00e4ngeren Zeitraum hinweg in ein Gef\u00e4ss mit destilliertem Wasser eingelegt. Ein Leitf\u00e4higkeitssensor misst die Leitf\u00e4higkeit des Wasser und findet so heraus, wie hoch der Salzgehalt&nbsp; im Wasser ist.&nbsp; Bei zu hoher Leitf\u00e4higkeit bzw. zu hohem Salzgehalt, wird das Wasser durch eine Wasserpumpe ausgetauscht. Dies wird wiederholt, bis kein Salz mehr aus dem Gegenstand gezogen werden kann. Dann ist der Vorgang abgeschlossen und der Fundgegenstand ist salzfrei. So kann der Entsalzungsprozess f\u00fcr Arch\u00e4ologen vereinfacht werden. <\/span><\/p>\n<\/div>\n<\/div><\/div><div id=\"panel-1977-0-0-3\" class=\"so-panel widget widget_media_image\" data-index=\"3\" ><img loading=\"lazy\" decoding=\"async\" width=\"300\" height=\"225\" src=\"http:\/\/jufotec.ch\/teammindfactory\/files\/2025\/12\/IMG_0255-300x225.jpg\" class=\"image wp-image-1980  attachment-medium size-medium\" alt=\"\" style=\"max-width: 100%; height: auto;\" srcset=\"http:\/\/jufotec.ch\/teammindfactory\/files\/2025\/12\/IMG_0255-300x225.jpg 300w, http:\/\/jufotec.ch\/teammindfactory\/files\/2025\/12\/IMG_0255-1024x768.jpg 1024w, http:\/\/jufotec.ch\/teammindfactory\/files\/2025\/12\/IMG_0255-768x576.jpg 768w, http:\/\/jufotec.ch\/teammindfactory\/files\/2025\/12\/IMG_0255-1536x1152.jpg 1536w, http:\/\/jufotec.ch\/teammindfactory\/files\/2025\/12\/IMG_0255-2048x1536.jpg 2048w, http:\/\/jufotec.ch\/teammindfactory\/files\/2025\/12\/IMG_0255-285x214.jpg 285w\" sizes=\"auto, (max-width: 300px) 100vw, 300px\" \/><\/div><div id=\"panel-1977-0-0-4\" class=\"so-panel widget widget_text panel-last-child\" data-index=\"4\" >\t\t\t<div class=\"textwidget\"><p>Im Bild: Der erste Prototyp von unserem automatischen Mindentsalzer.<\/p>\n<\/div>\n\t\t<\/div><\/div><\/div><\/div>","protected":false},"excerpt":{"rendered":"<p>Ein h\u00e4ufiges Problem in der Arch\u00e4ologie ist die Entsalzung von Funden. Wenn Artefakte \u00fcber Jahrhunderte unter der Erde liegen, nehmen sie Salze auf. Diese Salze fangen aufgrund von Sauerstoff und Luftfeuchtigkeit an, sich auszudehnen. Die Ausdehnung der Salze f\u00fchrt bei gewissen Funden dazu, dass sie auseinander gesprengt werden. Aus diesem Grund m\u00fcssen Artefakte vor der <a href=\"http:\/\/jufotec.ch\/teammindfactory\/saison-2024-2025\/forschung-2025-2026\/\" rel=\"nofollow\"><span class=\"sr-only\">Read more about Forschung 2025\/2026<\/span>[&hellip;]<\/a><\/p>\n","protected":false},"author":1,"featured_media":0,"parent":1832,"menu_order":0,"comment_status":"closed","ping_status":"closed","template":"","meta":{"ngg_post_thumbnail":0,"footnotes":""},"class_list":["post-1977","page","type-page","status-publish","hentry"],"_links":{"self":[{"href":"http:\/\/jufotec.ch\/teammindfactory\/wp-json\/wp\/v2\/pages\/1977","targetHints":{"allow":["GET"]}}],"collection":[{"href":"http:\/\/jufotec.ch\/teammindfactory\/wp-json\/wp\/v2\/pages"}],"about":[{"href":"http:\/\/jufotec.ch\/teammindfactory\/wp-json\/wp\/v2\/types\/page"}],"author":[{"embeddable":true,"href":"http:\/\/jufotec.ch\/teammindfactory\/wp-json\/wp\/v2\/users\/1"}],"replies":[{"embeddable":true,"href":"http:\/\/jufotec.ch\/teammindfactory\/wp-json\/wp\/v2\/comments?post=1977"}],"version-history":[{"count":9,"href":"http:\/\/jufotec.ch\/teammindfactory\/wp-json\/wp\/v2\/pages\/1977\/revisions"}],"predecessor-version":[{"id":2001,"href":"http:\/\/jufotec.ch\/teammindfactory\/wp-json\/wp\/v2\/pages\/1977\/revisions\/2001"}],"up":[{"embeddable":true,"href":"http:\/\/jufotec.ch\/teammindfactory\/wp-json\/wp\/v2\/pages\/1832"}],"wp:attachment":[{"href":"http:\/\/jufotec.ch\/teammindfactory\/wp-json\/wp\/v2\/media?parent=1977"}],"curies":[{"name":"wp","href":"https:\/\/api.w.org\/{rel}","templated":true}]}}