{"id":540,"date":"2016-07-25T22:59:50","date_gmt":"2016-07-25T20:59:50","guid":{"rendered":"http:\/\/jufotec.ch\/teammindfactory\/?page_id=540"},"modified":"2017-01-08T17:21:48","modified_gmt":"2017-01-08T16:21:48","slug":"forschung","status":"publish","type":"page","link":"http:\/\/jufotec.ch\/teammindfactory\/saison2016\/forschung\/","title":{"rendered":"Forschung"},"content":{"rendered":"<div id=\"pl-540\"  class=\"panel-layout\" ><div id=\"pg-540-0\"  class=\"panel-grid panel-no-style\" ><div id=\"pgc-540-0-0\"  class=\"panel-grid-cell\" ><div id=\"panel-540-0-0-0\" class=\"so-panel widget widget_sow-editor panel-first-child panel-last-child\" data-index=\"0\" ><div\n\t\t\t\n\t\t\tclass=\"so-widget-sow-editor so-widget-sow-editor-base\"\n\t\t\t\n\t\t>\n<div class=\"siteorigin-widget-tinymce textwidget\">\n\t<p><b>Zusammenfassung Forschung<\/b><\/p>\n<p>\u00a0<\/p>\n<p><b>Problem:<\/b><\/p>\n<p>Viele Menschen beschweren sich \u00fcber zu viele Katzenhaare und Schmutzspuren, die im Haus oder in der Wohnung verteilt sind. Dies ist auch ein Grund, weshalb viele Katzenbesitzer gar keine Katzent\u00fcre einbauen lassen. Katzen k\u00f6nnen bei einer Katzenklappe unkontrolliert ins Haus gelangen, egal wie nass oder schmutzig sie sind. Gem\u00e4ss dem Schweizerischen Tierschutz ist den unabh\u00e4ngigkeitsliebenden Katzen zuliebe eine Katzenklappe jedoch ein Muss.<\/p>\n<p>\u00a0<\/p>\n<\/div>\n<\/div><\/div><\/div><\/div><div id=\"pg-540-1\"  class=\"panel-grid panel-no-style\" ><div id=\"pgc-540-1-0\"  class=\"panel-grid-cell\" ><div id=\"panel-540-1-0-0\" class=\"so-panel widget widget_sow-image panel-first-child panel-last-child\" data-index=\"1\" ><div\n\t\t\t\n\t\t\tclass=\"so-widget-sow-image so-widget-sow-image-default-8b5b6f678277-540\"\n\t\t\t\n\t\t>\n<div class=\"sow-image-container\">\n\t\t<img \n\tsrc=\"http:\/\/jufotec.ch\/teammindfactory\/files\/2016\/07\/20170107_165359.jpg\" width=\"1836\" height=\"2290\" srcset=\"http:\/\/jufotec.ch\/teammindfactory\/files\/2016\/07\/20170107_165359.jpg 1836w, http:\/\/jufotec.ch\/teammindfactory\/files\/2016\/07\/20170107_165359-241x300.jpg 241w, http:\/\/jufotec.ch\/teammindfactory\/files\/2016\/07\/20170107_165359-821x1024.jpg 821w\" sizes=\"(max-width: 1836px) 100vw, 1836px\" alt=\"\" \t\tclass=\"so-widget-image\"\/>\n\t<\/div>\n\n<\/div><\/div><\/div><div id=\"pgc-540-1-1\"  class=\"panel-grid-cell\" ><div id=\"panel-540-1-1-0\" class=\"so-panel widget widget_sow-image panel-first-child panel-last-child\" data-index=\"2\" ><div\n\t\t\t\n\t\t\tclass=\"so-widget-sow-image so-widget-sow-image-default-c4f6304fc136-540\"\n\t\t\t\n\t\t>\n<div class=\"sow-image-container\">\n\t\t<img \n\tsrc=\"http:\/\/jufotec.ch\/teammindfactory\/files\/2016\/12\/20161217_104529.jpg\" width=\"4128\" height=\"3096\" srcset=\"http:\/\/jufotec.ch\/teammindfactory\/files\/2016\/12\/20161217_104529.jpg 4128w, http:\/\/jufotec.ch\/teammindfactory\/files\/2016\/12\/20161217_104529-300x225.jpg 300w, http:\/\/jufotec.ch\/teammindfactory\/files\/2016\/12\/20161217_104529-1024x768.jpg 1024w, http:\/\/jufotec.ch\/teammindfactory\/files\/2016\/12\/20161217_104529-285x214.jpg 285w\" sizes=\"(max-width: 4128px) 100vw, 4128px\" alt=\"\" \t\tclass=\"so-widget-image\"\/>\n\t<\/div>\n\n<\/div><\/div><\/div><\/div><div id=\"pg-540-2\"  class=\"panel-grid panel-no-style\" ><div id=\"pgc-540-2-0\"  class=\"panel-grid-cell\" ><div id=\"panel-540-2-0-0\" class=\"so-panel widget widget_sow-editor panel-first-child panel-last-child\" data-index=\"3\" ><div\n\t\t\t\n\t\t\tclass=\"so-widget-sow-editor so-widget-sow-editor-base\"\n\t\t\t\n\t\t>\n<div class=\"siteorigin-widget-tinymce textwidget\">\n\t<p><b>L\u00f6sung:<\/b><\/p>\n<p>Wir haben ein Katzent\u00fcrchen entwickelt, welches in der Katzent\u00fcre selber integrierte B\u00fcrsten hat. Diese B\u00fcrsten haben die Aufgabe, die losen Katzenhaare auf dem Kopf, R\u00fccken und auf der Seite der Katze aufzufangen, wenn die Katze das T\u00fcrchen passiert. Wenn eine Katze die Katzenklappe benutzt, hat man somit weniger Haare, welche am Boden herumliegen, da sich die Katze selber b\u00fcrstet. Ausserdem haben wir noch eine Art\u00a0 Teppich f\u00fcr dreckige Katzenpfoten dazuerfunden. Mit diesen beiden Massnahmen k\u00f6nnen wir dem Tier und dem Menschen helfen.<\/p>\n<\/div>\n<\/div><\/div><\/div><\/div><div id=\"pg-540-3\"  class=\"panel-grid panel-no-style\" ><div id=\"pgc-540-3-0\"  class=\"panel-grid-cell\" ><div id=\"panel-540-3-0-0\" class=\"so-panel widget widget_sow-slider panel-first-child panel-last-child\" data-index=\"4\" ><div\n\t\t\t\n\t\t\tclass=\"so-widget-sow-slider so-widget-sow-slider-default-6d39609536fd-540\"\n\t\t\t\n\t\t>\t\t\t\t<div class=\"sow-slider-base\" style=\"display: none\" tabindex=\"0\">\n\t\t\t\t\t<ul\n\t\t\t\t\tclass=\"sow-slider-images\"\n\t\t\t\t\tdata-settings=\"{&quot;pagination&quot;:true,&quot;speed&quot;:800,&quot;timeout&quot;:8000,&quot;paused&quot;:false,&quot;pause_on_hover&quot;:false,&quot;swipe&quot;:true,&quot;nav_always_show_desktop&quot;:&quot;&quot;,&quot;nav_always_show_mobile&quot;:&quot;&quot;,&quot;breakpoint&quot;:&quot;780px&quot;,&quot;unmute&quot;:false,&quot;anchor&quot;:null}\"\n\t\t\t\t\t\t\t\t\t\tdata-anchor-id=\"\"\n\t\t\t\t>\t\t<li class=\"sow-slider-image\" style=\"visibility: visible;\" >\n\t\t\t<div class=\"sow-slide-video-oembed\" style=\"opacity: 1\"><iframe loading=\"lazy\" title=\"CCD - Cat Cleaning Door in action | mindfactory\" width=\"640\" height=\"360\" src=\"https:\/\/www.youtube.com\/embed\/ymgG8ahY6pI?feature=oembed&enablejsapi=1\" frameborder=\"0\" allow=\"accelerometer; autoplay; clipboard-write; encrypted-media; gyroscope; picture-in-picture; web-share\" referrerpolicy=\"strict-origin-when-cross-origin\" allowfullscreen allowfullscreen mozallowfullscreen webkitallowfullscreen sandbox=\"allow-scripts allow-same-origin allow-presentation\"><\/iframe><\/div>\t\t<\/li>\n\t\t<\/ul>\t\t\t\t<ol class=\"sow-slider-pagination\">\n\t\t\t\t\t\t\t\t\t\t\t<li><a href=\"#\" data-goto=\"0\" aria-label=\"Display slide 1\"><\/a><\/li>\n\t\t\t\t\t\t\t\t\t<\/ol>\n\n\t\t\t\t<div class=\"sow-slide-nav sow-slide-nav-next\">\n\t\t\t\t\t<a href=\"#\" data-goto=\"next\" aria-label=\"Next slide\" data-action=\"next\">\n\t\t\t\t\t\t<em class=\"sow-sld-icon-thin-right\"><\/em>\n\t\t\t\t\t<\/a>\n\t\t\t\t<\/div>\n\n\t\t\t\t<div class=\"sow-slide-nav sow-slide-nav-prev\">\n\t\t\t\t\t<a href=\"#\" data-goto=\"previous\" aria-label=\"Previous slide\" data-action=\"prev\">\n\t\t\t\t\t\t<em class=\"sow-sld-icon-thin-left\"><\/em>\n\t\t\t\t\t<\/a>\n\t\t\t\t<\/div>\n\t\t\t\t<\/div><\/div><\/div><\/div><\/div><div id=\"pg-540-4\"  class=\"panel-grid panel-no-style\" ><div id=\"pgc-540-4-0\"  class=\"panel-grid-cell\" ><div id=\"panel-540-4-0-0\" class=\"so-panel widget widget_sow-editor panel-first-child panel-last-child\" data-index=\"5\" ><div\n\t\t\t\n\t\t\tclass=\"so-widget-sow-editor so-widget-sow-editor-base\"\n\t\t\t\n\t\t><h3 class=\"widget-title\">Bestellung<\/h3>\n<div class=\"siteorigin-widget-tinymce textwidget\">\n\t<div class=\"siteorigin-widget-tinymce textwidget\">\n<p>Sind Sie es sich Leid, st\u00e4ndig nach Ihrer Katze putzen zu m\u00fcssen?<\/p>\n<p>Das CCA-CatCleaningDoor ist ideal, um ihr Haus sauber von Katzenhaaren und -spuren zu halten. Ihre Katze wird beim Durchlaufen durch unser Katzent\u00fcrchen geb\u00fcrstet und die Pfoten werden gesaubert.<\/p>\n<p>Erh\u00e4ltlich in den Farben Weiss, Transaparent, Grau, Dunkelgr\u00fcn, Hellgr\u00fcn, Leuchtgelb, Gelb, Orange, Rot, Himbeer-Rot, Violett, Pink, Hellblau, Blau, Super Blau, Navi Blue, Schwarz, Braun und Beige f\u00fcr nur 130.-\/St\u00fcck.<\/p>\n<\/div>\n<p>Bestellen Sie jetzt: benedek.m02@gmail.com<\/p>\n<div class=\"siteorigin-widget-tinymce textwidget\">\n<p>\u00a0<\/p>\n<\/div>\n<\/div>\n<\/div><\/div><\/div><div id=\"pgc-540-4-1\"  class=\"panel-grid-cell\" ><div id=\"panel-540-4-1-0\" class=\"so-panel widget widget_sow-image panel-first-child panel-last-child\" data-index=\"6\" ><div\n\t\t\t\n\t\t\tclass=\"so-widget-sow-image so-widget-sow-image-default-8b5b6f678277-540\"\n\t\t\t\n\t\t>\n<div class=\"sow-image-container\">\n\t\t<img \n\tsrc=\"http:\/\/jufotec.ch\/teammindfactory\/files\/2016\/12\/20161217_104703.jpg\" width=\"3072\" height=\"4096\" srcset=\"http:\/\/jufotec.ch\/teammindfactory\/files\/2016\/12\/20161217_104703.jpg 3072w, http:\/\/jufotec.ch\/teammindfactory\/files\/2016\/12\/20161217_104703-225x300.jpg 225w, http:\/\/jufotec.ch\/teammindfactory\/files\/2016\/12\/20161217_104703-768x1024.jpg 768w\" sizes=\"(max-width: 3072px) 100vw, 3072px\" alt=\"\" \t\tclass=\"so-widget-image\"\/>\n\t<\/div>\n\n<\/div><\/div><\/div><\/div><\/div>","protected":false},"excerpt":{"rendered":"<p>Zusammenfassung Forschung\u00a0Problem:Viele Menschen beschweren sich \u00fcber zu viele Katzenhaare und Schmutzspuren, die im Haus oder in der Wohnung verteilt sind. Dies ist auch ein Grund, weshalb viele Katzenbesitzer gar keine Katzent\u00fcre einbauen lassen. Katzen k\u00f6nnen bei einer Katzenklappe unkontrolliert ins Haus gelangen, egal wie nass oder schmutzig sie sind. Gem\u00e4ss dem Schweizerischen Tierschutz ist den <a href=\"http:\/\/jufotec.ch\/teammindfactory\/saison2016\/forschung\/\" rel=\"nofollow\"><span class=\"sr-only\">Read more about Forschung<\/span>[&hellip;]<\/a><\/p>\n","protected":false},"author":3,"featured_media":0,"parent":535,"menu_order":0,"comment_status":"closed","ping_status":"open","template":"template-fullwidth.php","meta":{"ngg_post_thumbnail":0,"footnotes":""},"class_list":["post-540","page","type-page","status-publish","hentry"],"_links":{"self":[{"href":"http:\/\/jufotec.ch\/teammindfactory\/wp-json\/wp\/v2\/pages\/540","targetHints":{"allow":["GET"]}}],"collection":[{"href":"http:\/\/jufotec.ch\/teammindfactory\/wp-json\/wp\/v2\/pages"}],"about":[{"href":"http:\/\/jufotec.ch\/teammindfactory\/wp-json\/wp\/v2\/types\/page"}],"author":[{"embeddable":true,"href":"http:\/\/jufotec.ch\/teammindfactory\/wp-json\/wp\/v2\/users\/3"}],"replies":[{"embeddable":true,"href":"http:\/\/jufotec.ch\/teammindfactory\/wp-json\/wp\/v2\/comments?post=540"}],"version-history":[{"count":20,"href":"http:\/\/jufotec.ch\/teammindfactory\/wp-json\/wp\/v2\/pages\/540\/revisions"}],"predecessor-version":[{"id":606,"href":"http:\/\/jufotec.ch\/teammindfactory\/wp-json\/wp\/v2\/pages\/540\/revisions\/606"}],"up":[{"embeddable":true,"href":"http:\/\/jufotec.ch\/teammindfactory\/wp-json\/wp\/v2\/pages\/535"}],"wp:attachment":[{"href":"http:\/\/jufotec.ch\/teammindfactory\/wp-json\/wp\/v2\/media?parent=540"}],"curies":[{"name":"wp","href":"https:\/\/api.w.org\/{rel}","templated":true}]}}