{"id":726,"date":"2018-01-04T16:32:37","date_gmt":"2018-01-04T15:32:37","guid":{"rendered":"http:\/\/jufotec.ch\/teammindfactory\/?page_id=726"},"modified":"2018-01-04T18:03:01","modified_gmt":"2018-01-04T17:03:01","slug":"forschung","status":"publish","type":"page","link":"http:\/\/jufotec.ch\/teammindfactory\/saison2017\/forschung\/","title":{"rendered":"Forschung"},"content":{"rendered":"<div id=\"pl-726\"  class=\"panel-layout\" ><div id=\"pg-726-0\"  class=\"panel-grid panel-no-style\" ><div id=\"pgc-726-0-0\"  class=\"panel-grid-cell\" ><div id=\"panel-726-0-0-0\" class=\"so-panel widget widget_sow-editor panel-first-child panel-last-child\" data-index=\"0\" ><div\n\t\t\t\n\t\t\tclass=\"so-widget-sow-editor so-widget-sow-editor-base\"\n\t\t\t\n\t\t>\n<div class=\"siteorigin-widget-tinymce textwidget\">\n\t<p><b>Zusammenfassung Forschung<\/b><\/p>\n<p><b>Problem:<\/b><\/p>\n<p>Zur Bew\u00e4sserung von Pflanzen wird entweder Trink- oder Regenwasser eingesetzt. \u00dcbersch\u00fcssiges Wasser gelangt als Abwasser in eine Kl\u00e4ranlage. Von da fliesst es in Schweizer Gew\u00e4sser, wo es wiederum verdunstet und durch erneuten Regen den Kreislauf wieder schliesst. Das Problem ist aber, dass nur aus einem kleinen Teil des Regenwassers schlussendlich wieder Trinkwasser gewonnen werden kann.<\/p>\n<p>F\u00fcr die Bew\u00e4sserung von Pflanzen ist das Regenwasser jedoch um ein Vielfaches besser geeignet als Trinkwasser. Es bietet auch einen enormen \u00f6kologischen Nutzen, da kein kostbares Trinkwasser verbraucht wird.<\/p>\n<p><strong>Die Frage ist also, wie man in der Schweiz den Anteil an Regenwasser zum Bew\u00e4ssern vergr\u00f6ssern und den Anteil an Trinkwasser verkleinern kann.<\/strong><\/p>\n<\/div>\n<\/div><\/div><\/div><\/div><div id=\"pg-726-1\"  class=\"panel-grid panel-no-style\" ><div id=\"pgc-726-1-0\"  class=\"panel-grid-cell\" ><div id=\"panel-726-1-0-0\" class=\"so-panel widget widget_sow-image panel-first-child panel-last-child\" data-index=\"1\" ><div\n\t\t\t\n\t\t\tclass=\"so-widget-sow-image so-widget-sow-image-default-8b5b6f678277-726\"\n\t\t\t\n\t\t>\n<div class=\"sow-image-container\">\n\t\t<img \n\tsrc=\"http:\/\/jufotec.ch\/teammindfactory\/files\/2018\/01\/forschung1.png\" width=\"1235\" height=\"688\" srcset=\"http:\/\/jufotec.ch\/teammindfactory\/files\/2018\/01\/forschung1.png 1235w, http:\/\/jufotec.ch\/teammindfactory\/files\/2018\/01\/forschung1-300x167.png 300w, http:\/\/jufotec.ch\/teammindfactory\/files\/2018\/01\/forschung1-768x428.png 768w, http:\/\/jufotec.ch\/teammindfactory\/files\/2018\/01\/forschung1-1024x570.png 1024w\" sizes=\"(max-width: 1235px) 100vw, 1235px\" alt=\"\" \t\tclass=\"so-widget-image\"\/>\n\t<\/div>\n\n<\/div><\/div><\/div><div id=\"pgc-726-1-1\"  class=\"panel-grid-cell\" ><div id=\"panel-726-1-1-0\" class=\"so-panel widget widget_sow-image panel-first-child panel-last-child\" data-index=\"2\" ><div\n\t\t\t\n\t\t\tclass=\"so-widget-sow-image so-widget-sow-image-default-c4f6304fc136-726\"\n\t\t\t\n\t\t>\n<div class=\"sow-image-container\">\n\t\t<img \n\tsrc=\"http:\/\/jufotec.ch\/teammindfactory\/files\/2018\/01\/forschung2.jpg\" width=\"749\" height=\"496\" srcset=\"http:\/\/jufotec.ch\/teammindfactory\/files\/2018\/01\/forschung2.jpg 749w, http:\/\/jufotec.ch\/teammindfactory\/files\/2018\/01\/forschung2-300x199.jpg 300w\" sizes=\"(max-width: 749px) 100vw, 749px\" alt=\"\" \t\tclass=\"so-widget-image\"\/>\n\t<\/div>\n\n<\/div><\/div><\/div><\/div><div id=\"pg-726-2\"  class=\"panel-grid panel-no-style\" ><div id=\"pgc-726-2-0\"  class=\"panel-grid-cell\" ><div id=\"panel-726-2-0-0\" class=\"so-panel widget widget_sow-editor panel-first-child panel-last-child\" data-index=\"3\" ><div\n\t\t\t\n\t\t\tclass=\"so-widget-sow-editor so-widget-sow-editor-base\"\n\t\t\t\n\t\t>\n<div class=\"siteorigin-widget-tinymce textwidget\">\n\t<p><b>L\u00f6sung:<\/b><\/p>\n<p>Das PIP, kurz f\u00fcr Plant Irrigation Pot. Die Idee ist, dass die Pflanze, ohne umgetopft zu werden, in einen Aussentopf gestellt wird. Dieser sammelt selbstst\u00e4ndig Regenwasser und gibt es dann mittels Kapillarkr\u00e4ften angemessen dosiert in den Wurzelbereich der Pflanze ab.<\/p>\n<p>Diesen Teil der L\u00f6sung \u00fcbernimmt das bereits existierende Blumat-System. Das Wasser, welches die Pflanze nicht aufnimmt, versickert in den integrierten Tank und kann sofort wiederverwendet werden. Durch diesen neuen Wasserkreislauf sind die Wurzeln nie in stehendem Wasser und es bilden sich weniger schnell Keime. Die Pflanze nimmt zudem alles Wasser auf, das ihr zugef\u00fchrt wurde. Es entsteht also kein Abwasser.<\/p>\n<p>Die Pflanze kann nat\u00fcrlich immer noch herk\u00f6mmlich gegossen werden. Zur Kontrolle des Wasserstandes haben wir ein Sichtfenster eingebaut. Wenn man l\u00e4nger abwesend ist, reicht es, den Speicher bis oben zu f\u00fcllen und die Pflanze versorgt sich f\u00fcr die n\u00e4chsten 15 Tage auch ohne Regen von selbst. Falls es zu viel regnen sollte, haben wir selbstverst\u00e4ndlich auch einen \u00dcberlauf eingebaut. &nbsp;<\/p>\n<p>Auch f\u00fcr Pflanzen im Haus ist diese L\u00f6sung gut geeignet. Unsere Versuchspflanze hat insgesamt nur 56% des gegossenen Wassers aufgenommen. Da das \u00fcbersch\u00fcssige Wasser der Pflanze erneut zugef\u00fchrt wird, spart man auch da Wasser und muss viel weniger giessen.<\/p>\n<p>Wir haben PIP ausgiebig getestet. Obwohl wir deutlich weniger Wasser brauchen, wachsen die Pflanzen mit PIP sogar etwas besser!<\/p>\n<\/div>\n<\/div><\/div><\/div><\/div><div id=\"pg-726-3\"  class=\"panel-grid panel-no-style\" ><div id=\"pgc-726-3-0\"  class=\"panel-grid-cell\" ><div id=\"panel-726-3-0-0\" class=\"so-panel widget widget_sow-image panel-first-child panel-last-child\" data-index=\"4\" ><div\n\t\t\t\n\t\t\tclass=\"so-widget-sow-image so-widget-sow-image-default-8b5b6f678277-726\"\n\t\t\t\n\t\t>\n<div class=\"sow-image-container\">\n\t\t<img \n\tsrc=\"http:\/\/jufotec.ch\/teammindfactory\/files\/2018\/01\/forschung3.jpg\" width=\"759\" height=\"502\" srcset=\"http:\/\/jufotec.ch\/teammindfactory\/files\/2018\/01\/forschung3.jpg 759w, http:\/\/jufotec.ch\/teammindfactory\/files\/2018\/01\/forschung3-300x198.jpg 300w\" sizes=\"(max-width: 759px) 100vw, 759px\" alt=\"\" \t\tclass=\"so-widget-image\"\/>\n\t<\/div>\n\n<\/div><\/div><\/div><div id=\"pgc-726-3-1\"  class=\"panel-grid-cell\" ><div id=\"panel-726-3-1-0\" class=\"so-panel widget widget_sow-image panel-first-child panel-last-child\" data-index=\"5\" ><div\n\t\t\t\n\t\t\tclass=\"so-widget-sow-image so-widget-sow-image-default-c4f6304fc136-726\"\n\t\t\t\n\t\t>\n<div class=\"sow-image-container\">\n\t\t<img \n\tsrc=\"http:\/\/jufotec.ch\/teammindfactory\/files\/2018\/01\/forschung3.png\" width=\"1189\" height=\"783\" srcset=\"http:\/\/jufotec.ch\/teammindfactory\/files\/2018\/01\/forschung3.png 1189w, http:\/\/jufotec.ch\/teammindfactory\/files\/2018\/01\/forschung3-300x198.png 300w, http:\/\/jufotec.ch\/teammindfactory\/files\/2018\/01\/forschung3-768x506.png 768w, http:\/\/jufotec.ch\/teammindfactory\/files\/2018\/01\/forschung3-1024x674.png 1024w\" sizes=\"(max-width: 1189px) 100vw, 1189px\" alt=\"\" \t\tclass=\"so-widget-image\"\/>\n\t<\/div>\n\n<\/div><\/div><\/div><\/div><div id=\"pg-726-4\"  class=\"panel-grid panel-no-style\" ><div id=\"pgc-726-4-0\"  class=\"panel-grid-cell\" ><div id=\"panel-726-4-0-0\" class=\"so-panel widget widget_sow-editor panel-first-child panel-last-child\" data-index=\"6\" ><div\n\t\t\t\n\t\t\tclass=\"so-widget-sow-editor so-widget-sow-editor-base\"\n\t\t\t\n\t\t><h3 class=\"widget-title\">Bestellung<\/h3>\n<div class=\"siteorigin-widget-tinymce textwidget\">\n\t<div class=\"siteorigin-widget-tinymce textwidget\">\n<p><strong>Anleitung zum Selbermachen:<\/strong><\/p>\n<p>Unsere L\u00f6sung kann man mit Hilfe dieser <a href=\"http:\/\/jufotec.ch\/teammindfactory\/files\/2018\/01\/Anleitung-PIP.pdf\"><u>schriftlichen Anleitung<\/u><\/a> und dem nachfolgenden Video selber bauen.<\/p>\n<p><u><\/u><strong>Bestellung: <\/strong><\/p>\n<p>Wollen Sie auch helfen, den Trinkwasserverbrauch zu reduzieren?<br \/>Bestellen sie jetzt das PIP!<br \/>Senden Sie eine E-Mail an: <a href=\"mailto:benedek.m02@gmail.com\">benedek.m02@gmail.com<\/a><\/p>\n<\/div>\n<\/div>\n<\/div><\/div><\/div><\/div><div id=\"pg-726-5\"  class=\"panel-grid panel-no-style\" ><div id=\"pgc-726-5-0\"  class=\"panel-grid-cell\" ><div id=\"panel-726-5-0-0\" class=\"so-panel widget widget_sow-slider panel-first-child panel-last-child\" data-index=\"7\" ><div\n\t\t\t\n\t\t\tclass=\"so-widget-sow-slider so-widget-sow-slider-default-6d39609536fd-726\"\n\t\t\t\n\t\t>\t\t\t\t<div class=\"sow-slider-base\" style=\"display: none\" tabindex=\"0\">\n\t\t\t\t\t<ul\n\t\t\t\t\tclass=\"sow-slider-images\"\n\t\t\t\t\tdata-settings=\"{&quot;pagination&quot;:true,&quot;speed&quot;:800,&quot;timeout&quot;:8000,&quot;paused&quot;:false,&quot;pause_on_hover&quot;:false,&quot;swipe&quot;:true,&quot;nav_always_show_desktop&quot;:&quot;&quot;,&quot;nav_always_show_mobile&quot;:&quot;&quot;,&quot;breakpoint&quot;:&quot;780px&quot;,&quot;unmute&quot;:false,&quot;anchor&quot;:null}\"\n\t\t\t\t\t\t\t\t\t\tdata-anchor-id=\"\"\n\t\t\t\t>\t\t<li class=\"sow-slider-image\" style=\"visibility: visible;\" >\n\t\t\t<div class=\"sow-slide-video-oembed\" style=\"opacity: 1\"><iframe loading=\"lazy\" title=\"Mindfactory PIP - Plant Irrigation Pot Anleitung\" width=\"640\" height=\"360\" src=\"https:\/\/www.youtube.com\/embed\/8zt0gOsdgR8?feature=oembed&enablejsapi=1\" frameborder=\"0\" allow=\"accelerometer; autoplay; clipboard-write; encrypted-media; gyroscope; picture-in-picture; web-share\" referrerpolicy=\"strict-origin-when-cross-origin\" allowfullscreen allowfullscreen mozallowfullscreen webkitallowfullscreen sandbox=\"allow-scripts allow-same-origin allow-presentation\"><\/iframe><\/div>\t\t<\/li>\n\t\t<\/ul>\t\t\t\t<ol class=\"sow-slider-pagination\">\n\t\t\t\t\t\t\t\t\t\t\t<li><a href=\"#\" data-goto=\"0\" aria-label=\"Display slide 1\"><\/a><\/li>\n\t\t\t\t\t\t\t\t\t<\/ol>\n\n\t\t\t\t<div class=\"sow-slide-nav sow-slide-nav-next\">\n\t\t\t\t\t<a href=\"#\" data-goto=\"next\" aria-label=\"Next slide\" data-action=\"next\">\n\t\t\t\t\t\t<em class=\"sow-sld-icon-thin-right\"><\/em>\n\t\t\t\t\t<\/a>\n\t\t\t\t<\/div>\n\n\t\t\t\t<div class=\"sow-slide-nav sow-slide-nav-prev\">\n\t\t\t\t\t<a href=\"#\" data-goto=\"previous\" aria-label=\"Previous slide\" data-action=\"prev\">\n\t\t\t\t\t\t<em class=\"sow-sld-icon-thin-left\"><\/em>\n\t\t\t\t\t<\/a>\n\t\t\t\t<\/div>\n\t\t\t\t<\/div><\/div><\/div><\/div><\/div><\/div>","protected":false},"excerpt":{"rendered":"<p>Zusammenfassung ForschungProblem:Zur Bew\u00e4sserung von Pflanzen wird entweder Trink- oder Regenwasser eingesetzt. \u00dcbersch\u00fcssiges Wasser gelangt als Abwasser in eine Kl\u00e4ranlage. Von da fliesst es in Schweizer Gew\u00e4sser, wo es wiederum verdunstet und durch erneuten Regen den Kreislauf wieder schliesst. Das Problem ist aber, dass nur aus einem kleinen Teil des Regenwassers schlussendlich wieder Trinkwasser gewonnen werden <a href=\"http:\/\/jufotec.ch\/teammindfactory\/saison2017\/forschung\/\" rel=\"nofollow\"><span class=\"sr-only\">Read more about Forschung<\/span>[&hellip;]<\/a><\/p>\n","protected":false},"author":3,"featured_media":0,"parent":722,"menu_order":0,"comment_status":"closed","ping_status":"closed","template":"template-fullwidth.php","meta":{"ngg_post_thumbnail":0,"footnotes":""},"class_list":["post-726","page","type-page","status-publish","hentry"],"_links":{"self":[{"href":"http:\/\/jufotec.ch\/teammindfactory\/wp-json\/wp\/v2\/pages\/726","targetHints":{"allow":["GET"]}}],"collection":[{"href":"http:\/\/jufotec.ch\/teammindfactory\/wp-json\/wp\/v2\/pages"}],"about":[{"href":"http:\/\/jufotec.ch\/teammindfactory\/wp-json\/wp\/v2\/types\/page"}],"author":[{"embeddable":true,"href":"http:\/\/jufotec.ch\/teammindfactory\/wp-json\/wp\/v2\/users\/3"}],"replies":[{"embeddable":true,"href":"http:\/\/jufotec.ch\/teammindfactory\/wp-json\/wp\/v2\/comments?post=726"}],"version-history":[{"count":3,"href":"http:\/\/jufotec.ch\/teammindfactory\/wp-json\/wp\/v2\/pages\/726\/revisions"}],"predecessor-version":[{"id":733,"href":"http:\/\/jufotec.ch\/teammindfactory\/wp-json\/wp\/v2\/pages\/726\/revisions\/733"}],"up":[{"embeddable":true,"href":"http:\/\/jufotec.ch\/teammindfactory\/wp-json\/wp\/v2\/pages\/722"}],"wp:attachment":[{"href":"http:\/\/jufotec.ch\/teammindfactory\/wp-json\/wp\/v2\/media?parent=726"}],"curies":[{"name":"wp","href":"https:\/\/api.w.org\/{rel}","templated":true}]}}