{"id":89,"date":"2015-10-18T12:06:07","date_gmt":"2015-10-18T10:06:07","guid":{"rendered":"http:\/\/jufotec.ch\/teammindfactory\/?page_id=89"},"modified":"2016-07-25T22:46:40","modified_gmt":"2016-07-25T20:46:40","slug":"saison2015","status":"publish","type":"page","link":"http:\/\/jufotec.ch\/teammindfactory\/saison2015\/","title":{"rendered":"Saison 2015"},"content":{"rendered":"<div id=\"pl-89\"  class=\"panel-layout\" ><div id=\"pg-89-0\"  class=\"panel-grid panel-no-style\" ><div id=\"pgc-89-0-0\"  class=\"panel-grid-cell\" ><div id=\"panel-89-0-0-0\" class=\"so-panel widget widget_text panel-first-child\" data-index=\"0\" >\t\t\t<div class=\"textwidget\"> <\/div>\n\t\t<\/div><div id=\"panel-89-0-0-1\" class=\"so-panel widget widget_sow-button panel-last-child\" data-index=\"1\" ><div\n\t\t\t\n\t\t\tclass=\"so-widget-sow-button so-widget-sow-button-atom-8d3ac13cc710-89\"\n\t\t\t\n\t\t><div class=\"ow-button-base ow-button-align-center\"\n>\n\t\t\t<a\n\t\t\t\t\thref=\"http:\/\/jufotec.ch\/teammindfactory\/saison2015\/forschung\/\"\n\t\t\t\t\tclass=\"sowb-button ow-icon-placement-left ow-button-hover\" \t>\n\t\t<span>\n\t\t\t<span class=\"sow-icon-fontawesome sow-fas\" data-sow-icon=\"&#xf0c3;\"\n\t\tstyle=\"color: #dd3333\" \n\t\taria-hidden=\"true\"><\/span>\n\t\t\tForschung\t\t<\/span>\n\t\t\t<\/a>\n\t<\/div>\n<\/div><\/div><\/div><div id=\"pgc-89-0-1\"  class=\"panel-grid-cell\" ><div id=\"panel-89-0-1-0\" class=\"so-panel widget widget_text panel-first-child\" data-index=\"2\" >\t\t\t<div class=\"textwidget\"> <\/div>\n\t\t<\/div><div id=\"panel-89-0-1-1\" class=\"so-panel widget widget_sow-button panel-last-child\" data-index=\"3\" ><div\n\t\t\t\n\t\t\tclass=\"so-widget-sow-button so-widget-sow-button-atom-8d3ac13cc710-89\"\n\t\t\t\n\t\t><div class=\"ow-button-base ow-button-align-center\"\n>\n\t\t\t<a\n\t\t\t\t\thref=\"http:\/\/jufotec.ch\/teammindfactory\/saison2015\/bilder\/\"\n\t\t\t\t\tclass=\"sowb-button ow-icon-placement-left ow-button-hover\" \t>\n\t\t<span>\n\t\t\t<span class=\"sow-icon-fontawesome sow-fas\" data-sow-icon=\"&#xf008;\"\n\t\tstyle=\"color: #dd3333\" \n\t\taria-hidden=\"true\"><\/span>\n\t\t\tBilder &amp; Videos\t\t<\/span>\n\t\t\t<\/a>\n\t<\/div>\n<\/div><\/div><\/div><\/div><div id=\"pg-89-1\"  class=\"panel-grid panel-no-style\" ><div id=\"pgc-89-1-0\"  class=\"panel-grid-cell\" ><div id=\"panel-89-1-0-0\" class=\"so-panel widget widget_text panel-first-child panel-last-child\" data-index=\"4\" ><h3 class=\"widget-title\">Trash Trek<\/h3>\t\t\t<div class=\"textwidget\">Wege zur Bew\u00e4ltigung unseres Abfalls<br><br><\/div>\n\t\t<\/div><\/div><\/div><div id=\"pg-89-2\"  class=\"panel-grid panel-no-style\" ><div id=\"pgc-89-2-0\"  class=\"panel-grid-cell\" ><div id=\"panel-89-2-0-0\" class=\"so-panel widget widget_sow-image panel-first-child panel-last-child\" data-index=\"5\" ><div\n\t\t\t\n\t\t\tclass=\"so-widget-sow-image so-widget-sow-image-default-8b5b6f678277-89\"\n\t\t\t\n\t\t>\n<div class=\"sow-image-container\">\n\t\t<img \n\tsrc=\"http:\/\/jufotec.ch\/teammindfactory\/files\/2015\/09\/TrashTrek-Logo.png\" width=\"2550\" height=\"2250\" srcset=\"http:\/\/jufotec.ch\/teammindfactory\/files\/2015\/09\/TrashTrek-Logo.png 2550w, http:\/\/jufotec.ch\/teammindfactory\/files\/2015\/09\/TrashTrek-Logo-300x265.png 300w, http:\/\/jufotec.ch\/teammindfactory\/files\/2015\/09\/TrashTrek-Logo-1024x904.png 1024w\" sizes=\"(max-width: 2550px) 100vw, 2550px\" title=\"TrashTrek-Logo\" alt=\"\" \t\tclass=\"so-widget-image\"\/>\n\t<\/div>\n\n<\/div><\/div><\/div><div id=\"pgc-89-2-1\"  class=\"panel-grid-cell\" ><div id=\"panel-89-2-1-0\" class=\"so-panel widget widget_text panel-first-child panel-last-child\" data-index=\"6\" >\t\t\t<div class=\"textwidget\">Beim FIRST\u00ae LEGO\u00ae League Wettbewerb 2015\/16 Trash TrekSM werden die FLL Teams die spannende Welt des Abfalls entdecken.<br> Vom Sammeln \u00fcber das Sortieren zur intelligenten Produktion und Wiederverwendung \u2013 es  steckt mehr im Abfall, als man denkt.<br> Auf dem Weg des Abfalls entdecken die FLL Teams die versteckte (oder sichtbare) Welt des Abfalls!\n<br><br>\nFLL erm\u00f6glicht es Kindern und Jugendlichen, sich die Denkweisen von Ingenieuren und Wissenschaftlern zu erschlie\u00dfen. <br>In der Wettbewerbssaison Trash TrekSM bauen, testen und programmieren Kinder und Jugendliche autonome Roboter mit LEGO Mindstorms\u00ae, um vorgegebene Aufgaben im Robot-Game zu l\u00f6sen. <br>Zus\u00e4tzlich untersuchen und l\u00f6sen sie ein reales Forschungsproblem und weitreichende soziale Kompetenzen.<\/div>\n\t\t<\/div><\/div><\/div><\/div>","protected":false},"excerpt":{"rendered":"<p>Wege zur Bew\u00e4ltigung unseres Abfalls<\/p>\n","protected":false},"author":3,"featured_media":0,"parent":0,"menu_order":0,"comment_status":"closed","ping_status":"closed","template":"template-fullwidth.php","meta":{"ngg_post_thumbnail":0,"footnotes":""},"class_list":["post-89","page","type-page","status-publish","hentry"],"_links":{"self":[{"href":"http:\/\/jufotec.ch\/teammindfactory\/wp-json\/wp\/v2\/pages\/89","targetHints":{"allow":["GET"]}}],"collection":[{"href":"http:\/\/jufotec.ch\/teammindfactory\/wp-json\/wp\/v2\/pages"}],"about":[{"href":"http:\/\/jufotec.ch\/teammindfactory\/wp-json\/wp\/v2\/types\/page"}],"author":[{"embeddable":true,"href":"http:\/\/jufotec.ch\/teammindfactory\/wp-json\/wp\/v2\/users\/3"}],"replies":[{"embeddable":true,"href":"http:\/\/jufotec.ch\/teammindfactory\/wp-json\/wp\/v2\/comments?post=89"}],"version-history":[{"count":9,"href":"http:\/\/jufotec.ch\/teammindfactory\/wp-json\/wp\/v2\/pages\/89\/revisions"}],"predecessor-version":[{"id":533,"href":"http:\/\/jufotec.ch\/teammindfactory\/wp-json\/wp\/v2\/pages\/89\/revisions\/533"}],"wp:attachment":[{"href":"http:\/\/jufotec.ch\/teammindfactory\/wp-json\/wp\/v2\/media?parent=89"}],"curies":[{"name":"wp","href":"https:\/\/api.w.org\/{rel}","templated":true}]}}