{"id":912,"date":"2019-01-05T08:11:16","date_gmt":"2019-01-05T07:11:16","guid":{"rendered":"http:\/\/jufotec.ch\/teammindfactory\/?page_id=912"},"modified":"2019-01-10T22:14:32","modified_gmt":"2019-01-10T21:14:32","slug":"forschung","status":"publish","type":"page","link":"http:\/\/jufotec.ch\/teammindfactory\/saison2018\/forschung\/","title":{"rendered":"Forschung"},"content":{"rendered":"<div id=\"pl-912\"  class=\"panel-layout\" ><div id=\"pg-912-0\"  class=\"panel-grid panel-no-style\" ><div id=\"pgc-912-0-0\"  class=\"panel-grid-cell\" ><div id=\"panel-912-0-0-0\" class=\"so-panel widget widget_sow-editor panel-first-child panel-last-child\" data-index=\"0\" ><div\n\t\t\t\n\t\t\tclass=\"so-widget-sow-editor so-widget-sow-editor-base\"\n\t\t\t\n\t\t>\n<div class=\"siteorigin-widget-tinymce textwidget\">\n\t<p><b>Zusammenfassung Forschung<\/b><\/p>\n<p><b>Problem:<\/b><\/p>\n<p>Viele Astronauten, darunter Tim Peake, Takuya Onishi und Mikha\u00efl Kornienko, die \u00fcber 100 Tage im All waren, gaben an, der Entzug von irdischen Ger\u00e4uschen und sogar von bunten Farben habe sich negativ auf ihre Psyche ausgewirkt. Die Fernsehsendung Einstein vom SRF best\u00e4tigt, dass es bisher keine L\u00f6sungsans\u00e4tze gibt, da das Gebiet weitgehend unerforscht ist.<\/p>\n<p>Best\u00e4tigt wurde das auch von Professor Axel Venn, Farbpsychologe. Er sagt: \u00abDie Verarmung empfindungsorientierter Reizeinfl\u00fcsse muss zwangsl\u00e4ufig zu psychologisch - physiologischen Beeintr\u00e4chtigungen f\u00fchren.\u00bb Diese Beeintr\u00e4chtigungen k\u00f6nnen zum Beispiel Konzentrationsst\u00f6rungen, M\u00fcdigkeit, Depressionen und Leistungsabnahme zur Folge haben.<\/p>\n<p>Auch Martin Hahn, ein Webdesigner, dessen Aufgabe es ist, mit Hilfe von Farben m\u00f6glichst ansprechende Webseiten zu designen, bekr\u00e4ftig, dass man mit Farben und Ger\u00e4uschen solche Reizeinfl\u00fcsse \u201cimitieren\u201d kann.<\/p>\n<p>Ausserdem gibt es Versuche von Jay Neitz, einem Farbforscher und Professor f\u00fcr Augenheilkunde an der Universit\u00e4t von Washington in Seattle, die besagen, dass unser Bewusstsein auf Farben reagiert, sogar ohne, dass wir aktiv Einfluss nehmen. Er nahm dazu ein Aquarium mit Fischen und bestrahlte es abwechselnd mit blauem und rotem Licht. Auffallend dabei ist die Reaktion der Fische. Bei rotem Licht waren die Fische viel aktiver und schwammen aufgeregt hin und her. Bei blauem Licht hingegen schienen die Fische zu schlafen.<\/p>\n<p>Unsere Forschungsfrage lautet daher:<\/p>\n<p><strong>Wie kann man irdische Ger\u00e4usche und Farben im Weltall einsetzen, um den stabilen psychischen Zustand der Besatzung w\u00e4hrend einer langj\u00e4hrigen Weltallmission zu gew\u00e4hrleisten?<\/strong><\/p>\n<\/div>\n<\/div><\/div><\/div><\/div><div id=\"pg-912-1\"  class=\"panel-grid panel-no-style\" ><div id=\"pgc-912-1-0\"  class=\"panel-grid-cell\" ><div id=\"panel-912-1-0-0\" class=\"so-panel widget widget_sow-image panel-first-child panel-last-child\" data-index=\"1\" ><div\n\t\t\t\n\t\t\tclass=\"so-widget-sow-image so-widget-sow-image-default-8b5b6f678277-912\"\n\t\t\t\n\t\t>\n<div class=\"sow-image-container\">\n\t\t<img \n\tsrc=\"http:\/\/jufotec.ch\/teammindfactory\/files\/2019\/01\/box1.jpg\" width=\"1101\" height=\"825\" srcset=\"http:\/\/jufotec.ch\/teammindfactory\/files\/2019\/01\/box1.jpg 1101w, http:\/\/jufotec.ch\/teammindfactory\/files\/2019\/01\/box1-300x225.jpg 300w, http:\/\/jufotec.ch\/teammindfactory\/files\/2019\/01\/box1-768x575.jpg 768w, http:\/\/jufotec.ch\/teammindfactory\/files\/2019\/01\/box1-1024x767.jpg 1024w, http:\/\/jufotec.ch\/teammindfactory\/files\/2019\/01\/box1-285x214.jpg 285w\" sizes=\"(max-width: 1101px) 100vw, 1101px\" alt=\"\" \t\tclass=\"so-widget-image\"\/>\n\t<\/div>\n\n<\/div><\/div><\/div><div id=\"pgc-912-1-1\"  class=\"panel-grid-cell\" ><div id=\"panel-912-1-1-0\" class=\"so-panel widget widget_sow-image panel-first-child panel-last-child\" data-index=\"2\" ><div\n\t\t\t\n\t\t\tclass=\"so-widget-sow-image so-widget-sow-image-default-c4f6304fc136-912\"\n\t\t\t\n\t\t>\n<div class=\"sow-image-container\">\n\t\t<img \n\tsrc=\"http:\/\/jufotec.ch\/teammindfactory\/files\/2019\/01\/box2.jpg\" width=\"1101\" height=\"825\" srcset=\"http:\/\/jufotec.ch\/teammindfactory\/files\/2019\/01\/box2.jpg 1101w, http:\/\/jufotec.ch\/teammindfactory\/files\/2019\/01\/box2-300x225.jpg 300w, http:\/\/jufotec.ch\/teammindfactory\/files\/2019\/01\/box2-768x575.jpg 768w, http:\/\/jufotec.ch\/teammindfactory\/files\/2019\/01\/box2-1024x767.jpg 1024w, http:\/\/jufotec.ch\/teammindfactory\/files\/2019\/01\/box2-285x214.jpg 285w\" sizes=\"(max-width: 1101px) 100vw, 1101px\" alt=\"\" \t\tclass=\"so-widget-image\"\/>\n\t<\/div>\n\n<\/div><\/div><\/div><\/div><div id=\"pg-912-2\"  class=\"panel-grid panel-no-style\" ><div id=\"pgc-912-2-0\"  class=\"panel-grid-cell\" ><div id=\"panel-912-2-0-0\" class=\"so-panel widget widget_sow-editor panel-first-child panel-last-child\" data-index=\"3\" ><div\n\t\t\t\n\t\t\tclass=\"so-widget-sow-editor so-widget-sow-editor-base\"\n\t\t\t\n\t\t>\n<div class=\"siteorigin-widget-tinymce textwidget\">\n\t<p><b>L\u00f6sung:<\/b><\/p>\n<p>Unsere L\u00f6sung dazu ist die mindBOX. Wir entwickelten ein Ger\u00e4t, welches T\u00f6ne abspielen und mit RGB-LEDs Farben ausstrahlen kann. Als zentrale Steuerung kommt ein Raspberry Pi zum Einsatz. Die individuelle Auswahl der Farben und Ger\u00e4usche in jedem Raum haben wir anhand umfangreicher Recherche und Expertenaussagen getroffen.<\/p>\n<p>Im Laborraum und Kontrollzentrum haben wir die Farbe Gelb und eine von Dr. Martin Krengel, Psychologe und Motivationsexperte, empfohlene Musik, ausgew\u00e4hlt da diese die Konzentration f\u00f6rdern.<\/p>\n<p>Im Trainingsraum benutzen wir die Farbe Rot und Workout-Musik. Diese wirken anregend und f\u00f6rdern die Leistung.<\/p>\n<p>Im Schlafraum ist das Licht blau, da sie eine beruhigende Farbe ist und den Schlaf f\u00f6rdern kann. Es werden auch beruhigende Kl\u00e4nge, wie Regenf\u00e4lle, das Rauschen eines Wasserfalles sowie zirpende Grillen w\u00e4hrend einer Sommernacht abgespielt.<\/p>\n<p>Im Essraum ist unsere ausgew\u00e4hlte Farbe Orange, da sie den Appetit st\u00e4rkt.<\/p>\n<p>Im Aufenthaltsraum ist die Farbe Gr\u00fcn gefragt, da sie ein Gef\u00fchl von Sicherheit gibt und zufrieden macht. Hier werden, neben eher beruhigender Musik, auch Waldger\u00e4usche und das Knistern eines Feuers abgespielt.<\/p>\n<p>Ausserdem variieren alle Farben ein wenig, damit auch diese nicht zu eint\u00f6nig werden.<\/p>\n<p>So werden die Reizeinfl\u00fcsse von Farben und Ger\u00e4uschen dazu gebraucht die psychischen und physischen Belastungen w\u00e4hrend einer Weltallmission auszugleichen, damit ein Allaufenthalt angenehmer f\u00fcr den Menschen wird.<\/p>\n<p>Die mindBOX kostet in der Herstellung 249.95 Fr.<br \/>Das Programm der mindBOX ist auf Mail-Anfrage erh\u00e4ltlich.<br \/>Kontakt: <a href=\"mailto:benedek.m02@gmail.com\">benedek.m02@gmail.com<\/a><\/p>\n<p>&nbsp;<\/p>\n<\/div>\n<\/div><\/div><\/div><\/div><\/div>","protected":false},"excerpt":{"rendered":"<p>Zusammenfassung ForschungProblem:Viele Astronauten, darunter Tim Peake, Takuya Onishi und Mikha\u00efl Kornienko, die \u00fcber 100 Tage im All waren, gaben an, der Entzug von irdischen Ger\u00e4uschen und sogar von bunten Farben habe sich negativ auf ihre Psyche ausgewirkt. Die Fernsehsendung Einstein vom SRF best\u00e4tigt, dass es bisher keine L\u00f6sungsans\u00e4tze gibt, da das Gebiet weitgehend unerforscht ist.Best\u00e4tigt <a href=\"http:\/\/jufotec.ch\/teammindfactory\/saison2018\/forschung\/\" rel=\"nofollow\"><span class=\"sr-only\">Read more about Forschung<\/span>[&hellip;]<\/a><\/p>\n","protected":false},"author":1,"featured_media":0,"parent":910,"menu_order":0,"comment_status":"closed","ping_status":"closed","template":"","meta":{"ngg_post_thumbnail":0,"footnotes":""},"class_list":["post-912","page","type-page","status-publish","hentry"],"_links":{"self":[{"href":"http:\/\/jufotec.ch\/teammindfactory\/wp-json\/wp\/v2\/pages\/912","targetHints":{"allow":["GET"]}}],"collection":[{"href":"http:\/\/jufotec.ch\/teammindfactory\/wp-json\/wp\/v2\/pages"}],"about":[{"href":"http:\/\/jufotec.ch\/teammindfactory\/wp-json\/wp\/v2\/types\/page"}],"author":[{"embeddable":true,"href":"http:\/\/jufotec.ch\/teammindfactory\/wp-json\/wp\/v2\/users\/1"}],"replies":[{"embeddable":true,"href":"http:\/\/jufotec.ch\/teammindfactory\/wp-json\/wp\/v2\/comments?post=912"}],"version-history":[{"count":2,"href":"http:\/\/jufotec.ch\/teammindfactory\/wp-json\/wp\/v2\/pages\/912\/revisions"}],"predecessor-version":[{"id":919,"href":"http:\/\/jufotec.ch\/teammindfactory\/wp-json\/wp\/v2\/pages\/912\/revisions\/919"}],"up":[{"embeddable":true,"href":"http:\/\/jufotec.ch\/teammindfactory\/wp-json\/wp\/v2\/pages\/910"}],"wp:attachment":[{"href":"http:\/\/jufotec.ch\/teammindfactory\/wp-json\/wp\/v2\/media?parent=912"}],"curies":[{"name":"wp","href":"https:\/\/api.w.org\/{rel}","templated":true}]}}