{"id":994,"date":"2019-12-01T12:03:39","date_gmt":"2019-12-01T11:03:39","guid":{"rendered":"http:\/\/jufotec.ch\/teammindfactory\/?page_id=994"},"modified":"2019-12-14T14:59:19","modified_gmt":"2019-12-14T13:59:19","slug":"saison2019","status":"publish","type":"page","link":"http:\/\/jufotec.ch\/teammindfactory\/saison2019\/","title":{"rendered":"Saison 2019"},"content":{"rendered":"<div id=\"pl-994\"  class=\"panel-layout\" ><div id=\"pg-994-0\"  class=\"panel-grid panel-no-style\" ><div id=\"pgc-994-0-0\"  class=\"panel-grid-cell\" ><div id=\"panel-994-0-0-0\" class=\"so-panel widget widget_text panel-first-child\" data-index=\"0\" >\t\t\t<div class=\"textwidget\"> <\/div>\n\t\t<\/div><div id=\"panel-994-0-0-1\" class=\"so-panel widget widget_sow-button panel-last-child\" data-index=\"1\" ><div\n\t\t\t\n\t\t\tclass=\"so-widget-sow-button so-widget-sow-button-atom-857739567c6a-994\"\n\t\t\t\n\t\t><div class=\"ow-button-base ow-button-align-center\"\n>\n\t\t\t<a\n\t\t\t\t\thref=\"http:\/\/jufotec.ch\/teammindfactory\/saison2019\/forschung\/\"\n\t\t\t\t\tclass=\"sowb-button ow-icon-placement-left ow-button-hover\" \t>\n\t\t<span>\n\t\t\t<span class=\"sow-icon-fontawesome sow-fas\" data-sow-icon=\"&#xf0c3;\"\n\t\tstyle=\"color: #dd3333\" \n\t\taria-hidden=\"true\"><\/span>\n\t\t\tForschung\t\t<\/span>\n\t\t\t<\/a>\n\t<\/div>\n<\/div><\/div><\/div><div id=\"pgc-994-0-1\"  class=\"panel-grid-cell\" ><div id=\"panel-994-0-1-0\" class=\"so-panel widget widget_text panel-first-child\" data-index=\"2\" >\t\t\t<div class=\"textwidget\"> <\/div>\n\t\t<\/div><div id=\"panel-994-0-1-1\" class=\"so-panel widget widget_sow-button panel-last-child\" data-index=\"3\" ><div\n\t\t\t\n\t\t\tclass=\"so-widget-sow-button so-widget-sow-button-atom-857739567c6a-994\"\n\t\t\t\n\t\t><div class=\"ow-button-base ow-button-align-center\"\n>\n\t\t\t<a\n\t\t\t\t\thref=\"http:\/\/jufotec.ch\/teammindfactory\/saison2019\/bildervideos\/\"\n\t\t\t\t\tclass=\"sowb-button ow-icon-placement-left ow-button-hover\" \t>\n\t\t<span>\n\t\t\t<span class=\"sow-icon-fontawesome sow-fas\" data-sow-icon=\"&#xf008;\"\n\t\tstyle=\"color: #dd3333\" \n\t\taria-hidden=\"true\"><\/span>\n\t\t\tBilder &amp; Videos\t\t<\/span>\n\t\t\t<\/a>\n\t<\/div>\n<\/div><\/div><\/div><\/div><div id=\"pg-994-1\"  class=\"panel-grid panel-no-style\" ><div id=\"pgc-994-1-0\"  class=\"panel-grid-cell\" ><div id=\"panel-994-1-0-0\" class=\"so-panel widget widget_text panel-first-child panel-last-child\" data-index=\"4\" ><h3 class=\"widget-title\">City Shaper<\/h3>\t\t\t<div class=\"textwidget\">Wir gestalten die Stadt der Zukunft!<br><br><\/div>\n\t\t<\/div><\/div><\/div><div id=\"pg-994-2\"  class=\"panel-grid panel-no-style\" ><div id=\"pgc-994-2-0\"  class=\"panel-grid-cell\" ><div id=\"panel-994-2-0-0\" class=\"so-panel widget widget_sow-image panel-first-child panel-last-child\" data-index=\"5\" ><div\n\t\t\t\n\t\t\tclass=\"so-widget-sow-image so-widget-sow-image-default-8b5b6f678277-994\"\n\t\t\t\n\t\t>\n<div class=\"sow-image-container\">\n\t\t<img \n\tsrc=\"http:\/\/jufotec.ch\/teammindfactory\/files\/2019\/12\/Logo_City-Shaper-vertikal.jpg\" width=\"836\" height=\"927\" srcset=\"http:\/\/jufotec.ch\/teammindfactory\/files\/2019\/12\/Logo_City-Shaper-vertikal.jpg 836w, http:\/\/jufotec.ch\/teammindfactory\/files\/2019\/12\/Logo_City-Shaper-vertikal-271x300.jpg 271w, http:\/\/jufotec.ch\/teammindfactory\/files\/2019\/12\/Logo_City-Shaper-vertikal-768x852.jpg 768w\" sizes=\"(max-width: 836px) 100vw, 836px\" title=\"City Shaper Logo\" alt=\"\" \t\tclass=\"so-widget-image\"\/>\n\t<\/div>\n\n<\/div><\/div><\/div><div id=\"pgc-994-2-1\"  class=\"panel-grid-cell\" ><div id=\"panel-994-2-1-0\" class=\"so-panel widget widget_text panel-first-child panel-last-child\" data-index=\"6\" >\t\t\t<div class=\"textwidget\"><p>Achtung: An alle Baumeister von morgen! Lasst uns bessere Orte zum Leben und Arbeiten f\u00fcr alle Menschen entwerfen und bauen! Kombiniert in der Saison 2019\/2020 CITY SHAPER eure F\u00e4higkeit, Probleme zu l\u00f6sen, mit eurer Kreativit\u00e4t, und gestaltet eine bessere Zukunft \u2013 gemeinsam mit euren Freunden.<\/p>\n<\/div>\n\t\t<\/div><\/div><\/div><\/div>","protected":false},"excerpt":{"rendered":"<p>Wir gestalten die Stadt der Zukunft!<\/p>\n","protected":false},"author":1,"featured_media":0,"parent":0,"menu_order":0,"comment_status":"closed","ping_status":"closed","template":"template-fullwidth.php","meta":{"ngg_post_thumbnail":0,"footnotes":""},"class_list":["post-994","page","type-page","status-publish","hentry"],"_links":{"self":[{"href":"http:\/\/jufotec.ch\/teammindfactory\/wp-json\/wp\/v2\/pages\/994","targetHints":{"allow":["GET"]}}],"collection":[{"href":"http:\/\/jufotec.ch\/teammindfactory\/wp-json\/wp\/v2\/pages"}],"about":[{"href":"http:\/\/jufotec.ch\/teammindfactory\/wp-json\/wp\/v2\/types\/page"}],"author":[{"embeddable":true,"href":"http:\/\/jufotec.ch\/teammindfactory\/wp-json\/wp\/v2\/users\/1"}],"replies":[{"embeddable":true,"href":"http:\/\/jufotec.ch\/teammindfactory\/wp-json\/wp\/v2\/comments?post=994"}],"version-history":[{"count":17,"href":"http:\/\/jufotec.ch\/teammindfactory\/wp-json\/wp\/v2\/pages\/994\/revisions"}],"predecessor-version":[{"id":1122,"href":"http:\/\/jufotec.ch\/teammindfactory\/wp-json\/wp\/v2\/pages\/994\/revisions\/1122"}],"wp:attachment":[{"href":"http:\/\/jufotec.ch\/teammindfactory\/wp-json\/wp\/v2\/media?parent=994"}],"curies":[{"name":"wp","href":"https:\/\/api.w.org\/{rel}","templated":true}]}}