{"id":1683,"date":"2023-09-30T10:59:50","date_gmt":"2023-09-30T08:59:50","guid":{"rendered":"http:\/\/jufotec.ch\/teammindfactory\/?page_id=1683"},"modified":"2023-09-30T11:37:27","modified_gmt":"2023-09-30T09:37:27","slug":"saison-2023-2024","status":"publish","type":"page","link":"https:\/\/jufotec.ch\/teammindfactory\/saison-2023-2024\/","title":{"rendered":"Saison 2023\/2024"},"content":{"rendered":"<div id=\"pl-1683\"  class=\"panel-layout\" ><div id=\"pg-1683-0\"  class=\"panel-grid panel-no-style\" ><div id=\"pgc-1683-0-0\"  class=\"panel-grid-cell\" ><div id=\"panel-1683-0-0-0\" class=\"so-panel widget widget_text panel-first-child\" data-index=\"0\" >\t\t\t<div class=\"textwidget\"> <\/div>\n\t\t<\/div><div id=\"panel-1683-0-0-1\" class=\"so-panel widget widget_sow-button panel-last-child\" data-index=\"1\" ><div\n\t\t\t\n\t\t\tclass=\"so-widget-sow-button so-widget-sow-button-atom-857739567c6a-1683\"\n\t\t\t\n\t\t><div class=\"ow-button-base ow-button-align-center\"\n>\n\t\t\t<a\n\t\t\t\t\thref=\"https:\/\/jufotec.ch\/teammindfactory\/saison-2023-2024\/forschung\/\"\n\t\t\t\t\tclass=\"sowb-button ow-icon-placement-left ow-button-hover\" \t>\n\t\t<span>\n\t\t\t<span class=\"sow-icon-fontawesome sow-fas\" data-sow-icon=\"&#xf0c3;\"\n\t\tstyle=\"color: #dd3333\" \n\t\taria-hidden=\"true\"><\/span>\n\t\t\tForschung\t\t<\/span>\n\t\t\t<\/a>\n\t<\/div>\n<\/div><\/div><\/div><div id=\"pgc-1683-0-1\"  class=\"panel-grid-cell\" ><div id=\"panel-1683-0-1-0\" class=\"so-panel widget widget_text panel-first-child\" data-index=\"2\" >\t\t\t<div class=\"textwidget\"> <\/div>\n\t\t<\/div><div id=\"panel-1683-0-1-1\" class=\"so-panel widget widget_sow-button panel-last-child\" data-index=\"3\" ><div\n\t\t\t\n\t\t\tclass=\"so-widget-sow-button so-widget-sow-button-atom-857739567c6a-1683\"\n\t\t\t\n\t\t><div class=\"ow-button-base ow-button-align-center\"\n>\n\t\t\t<a\n\t\t\t\t\thref=\"https:\/\/jufotec.ch\/teammindfactory\/saison-2023-2024\/bilder-videos\/\"\n\t\t\t\t\tclass=\"sowb-button ow-icon-placement-left ow-button-hover\" \t>\n\t\t<span>\n\t\t\t<span class=\"sow-icon-fontawesome sow-fas\" data-sow-icon=\"&#xf008;\"\n\t\tstyle=\"color: #dd3333\" \n\t\taria-hidden=\"true\"><\/span>\n\t\t\tBilder &amp; Videos\t\t<\/span>\n\t\t\t<\/a>\n\t<\/div>\n<\/div><\/div><\/div><\/div><div id=\"pg-1683-1\"  class=\"panel-grid panel-no-style\" ><div id=\"pgc-1683-1-0\"  class=\"panel-grid-cell\" ><div id=\"panel-1683-1-0-0\" class=\"so-panel widget widget_text panel-first-child panel-last-child\" data-index=\"4\" ><h3 class=\"widget-title\">MASTERPIECE<\/h3>\t\t\t<div class=\"textwidget\"><\/div>\n\t\t<\/div><\/div><\/div><div id=\"pg-1683-2\"  class=\"panel-grid panel-no-style\" ><div id=\"pgc-1683-2-0\"  class=\"panel-grid-cell\" ><div id=\"panel-1683-2-0-0\" class=\"so-panel widget widget_sow-image panel-first-child panel-last-child\" data-index=\"5\" ><div\n\t\t\t\n\t\t\tclass=\"so-widget-sow-image so-widget-sow-image-default-8b5b6f678277-1683\"\n\t\t\t\n\t\t>\n<div class=\"sow-image-container\">\n\t\t<img \n\tsrc=\"https:\/\/jufotec.ch\/teammindfactory\/files\/2023\/09\/masterpiece-logo.png\" width=\"292\" height=\"173\" sizes=\"(max-width: 292px) 100vw, 292px\" title=\"MASTERPIECE\" alt=\"\" \t\tclass=\"so-widget-image\"\/>\n\t<\/div>\n\n<\/div><\/div><\/div><div id=\"pgc-1683-2-1\"  class=\"panel-grid-cell\" ><div id=\"panel-1683-2-1-0\" class=\"so-panel widget widget_text panel-first-child panel-last-child\" data-index=\"6\" >\t\t\t<div class=\"textwidget\"><p>Mit Kreativit\u00e4t k\u00f6nnen wir andere von unseren Hobbys und Interessen \u00fcberzeugen. Menschen mit k\u00fcnstlerischen Berufen k\u00f6nnen uns zeigen, wie wir uns mitteilen oder wie wir ganz unterschiedliche Zielgruppen ansprechen und unterhalten k\u00f6nnen. Was k\u00f6nnen wir von Museen, Theatern und Filmen lernen, um andere mit unseren Leidenschaften zu<br \/>\nbegeistern?<\/p>\n<\/div>\n\t\t<\/div><\/div><\/div><\/div>","protected":false},"excerpt":{"rendered":"<p>Forschung Bilder &amp; Videos MASTERPIECE Mit Kreativit\u00e4t k\u00f6nnen wir andere von unseren Hobbys und Interessen \u00fcberzeugen. Menschen mit k\u00fcnstlerischen Berufen k\u00f6nnen uns zeigen, wie wir uns mitteilen oder wie wir ganz unterschiedliche Zielgruppen ansprechen und unterhalten k\u00f6nnen. Was k\u00f6nnen wir von Museen, Theatern und Filmen lernen, um andere mit unseren Leidenschaften zu begeistern?<\/p>\n","protected":false},"author":1,"featured_media":0,"parent":0,"menu_order":0,"comment_status":"closed","ping_status":"closed","template":"template-fullwidth.php","meta":{"ngg_post_thumbnail":0,"footnotes":""},"class_list":["post-1683","page","type-page","status-publish","hentry"],"_links":{"self":[{"href":"https:\/\/jufotec.ch\/teammindfactory\/wp-json\/wp\/v2\/pages\/1683","targetHints":{"allow":["GET"]}}],"collection":[{"href":"https:\/\/jufotec.ch\/teammindfactory\/wp-json\/wp\/v2\/pages"}],"about":[{"href":"https:\/\/jufotec.ch\/teammindfactory\/wp-json\/wp\/v2\/types\/page"}],"author":[{"embeddable":true,"href":"https:\/\/jufotec.ch\/teammindfactory\/wp-json\/wp\/v2\/users\/1"}],"replies":[{"embeddable":true,"href":"https:\/\/jufotec.ch\/teammindfactory\/wp-json\/wp\/v2\/comments?post=1683"}],"version-history":[{"count":15,"href":"https:\/\/jufotec.ch\/teammindfactory\/wp-json\/wp\/v2\/pages\/1683\/revisions"}],"predecessor-version":[{"id":1740,"href":"https:\/\/jufotec.ch\/teammindfactory\/wp-json\/wp\/v2\/pages\/1683\/revisions\/1740"}],"wp:attachment":[{"href":"https:\/\/jufotec.ch\/teammindfactory\/wp-json\/wp\/v2\/media?parent=1683"}],"curies":[{"name":"wp","href":"https:\/\/api.w.org\/{rel}","templated":true}]}}