{"id":722,"date":"2018-01-04T16:25:38","date_gmt":"2018-01-04T15:25:38","guid":{"rendered":"http:\/\/jufotec.ch\/teammindfactory\/?page_id=722"},"modified":"2018-01-04T16:53:23","modified_gmt":"2018-01-04T15:53:23","slug":"saison2017","status":"publish","type":"page","link":"https:\/\/jufotec.ch\/teammindfactory\/saison2017\/","title":{"rendered":"Saison 2017"},"content":{"rendered":"<div id=\"pl-722\"  class=\"panel-layout\" ><div id=\"pg-722-0\"  class=\"panel-grid panel-no-style\" ><div id=\"pgc-722-0-0\"  class=\"panel-grid-cell\" ><div id=\"panel-722-0-0-0\" class=\"so-panel widget widget_text panel-first-child\" data-index=\"0\" >\t\t\t<div class=\"textwidget\"> <\/div>\n\t\t<\/div><div id=\"panel-722-0-0-1\" class=\"so-panel widget widget_sow-button panel-last-child\" data-index=\"1\" ><div\n\t\t\t\n\t\t\tclass=\"so-widget-sow-button so-widget-sow-button-atom-857739567c6a-722\"\n\t\t\t\n\t\t><div class=\"ow-button-base ow-button-align-center\"\n>\n\t\t\t<a\n\t\t\t\t\thref=\"http:\/\/jufotec.ch\/teammindfactory\/saison2017\/forschung\/\"\n\t\t\t\t\tclass=\"sowb-button ow-icon-placement-left ow-button-hover\" \t>\n\t\t<span>\n\t\t\t<span class=\"sow-icon-fontawesome sow-fas\" data-sow-icon=\"&#xf0c3;\"\n\t\tstyle=\"color: #dd3333\" \n\t\taria-hidden=\"true\"><\/span>\n\t\t\tForschung\t\t<\/span>\n\t\t\t<\/a>\n\t<\/div>\n<\/div><\/div><\/div><div id=\"pgc-722-0-1\"  class=\"panel-grid-cell\" ><div id=\"panel-722-0-1-0\" class=\"so-panel widget widget_text panel-first-child\" data-index=\"2\" >\t\t\t<div class=\"textwidget\"> <\/div>\n\t\t<\/div><div id=\"panel-722-0-1-1\" class=\"so-panel widget widget_sow-button panel-last-child\" data-index=\"3\" ><div\n\t\t\t\n\t\t\tclass=\"so-widget-sow-button so-widget-sow-button-atom-857739567c6a-722\"\n\t\t\t\n\t\t><div class=\"ow-button-base ow-button-align-center\"\n>\n\t\t\t<a\n\t\t\t\t\thref=\"http:\/\/jufotec.ch\/teammindfactory\/saison2017\/bildervideos\/\"\n\t\t\t\t\tclass=\"sowb-button ow-icon-placement-left ow-button-hover\" \t>\n\t\t<span>\n\t\t\t<span class=\"sow-icon-fontawesome sow-fas\" data-sow-icon=\"&#xf008;\"\n\t\tstyle=\"color: #dd3333\" \n\t\taria-hidden=\"true\"><\/span>\n\t\t\tBilder &amp; Videos\t\t<\/span>\n\t\t\t<\/a>\n\t<\/div>\n<\/div><\/div><\/div><\/div><div id=\"pg-722-1\"  class=\"panel-grid panel-no-style\" ><div id=\"pgc-722-1-0\"  class=\"panel-grid-cell\" ><div id=\"panel-722-1-0-0\" class=\"so-panel widget widget_text panel-first-child panel-last-child\" data-index=\"4\" ><h3 class=\"widget-title\">Hydro Dynamics<\/h3>\t\t\t<div class=\"textwidget\">Vorkommen, Nutzung, Lagerung und Bewegung von Wasser ergr\u00fcnden<br><br><\/div>\n\t\t<\/div><\/div><\/div><div id=\"pg-722-2\"  class=\"panel-grid panel-no-style\" ><div id=\"pgc-722-2-0\"  class=\"panel-grid-cell\" ><div id=\"panel-722-2-0-0\" class=\"so-panel widget widget_sow-image panel-first-child panel-last-child\" data-index=\"5\" ><div\n\t\t\t\n\t\t\tclass=\"so-widget-sow-image so-widget-sow-image-default-8b5b6f678277-722\"\n\t\t\t\n\t\t>\n<div class=\"sow-image-container\">\n\t\t<img \n\tsrc=\"https:\/\/jufotec.ch\/teammindfactory\/files\/2018\/01\/FIRST-FLL-HYDRO-DYNAMICS17-Color-3e92235f.jpg\" width=\"900\" height=\"344\" srcset=\"https:\/\/jufotec.ch\/teammindfactory\/files\/2018\/01\/FIRST-FLL-HYDRO-DYNAMICS17-Color-3e92235f.jpg 900w, https:\/\/jufotec.ch\/teammindfactory\/files\/2018\/01\/FIRST-FLL-HYDRO-DYNAMICS17-Color-3e92235f-300x115.jpg 300w, https:\/\/jufotec.ch\/teammindfactory\/files\/2018\/01\/FIRST-FLL-HYDRO-DYNAMICS17-Color-3e92235f-768x294.jpg 768w\" sizes=\"(max-width: 900px) 100vw, 900px\" title=\"Hydro Dynamics Logo\" alt=\"\" \t\tclass=\"so-widget-image\"\/>\n\t<\/div>\n\n<\/div><\/div><\/div><div id=\"pgc-722-2-1\"  class=\"panel-grid-cell\" ><div id=\"panel-722-2-1-0\" class=\"so-panel widget widget_text panel-first-child panel-last-child\" data-index=\"6\" >\t\t\t<div class=\"textwidget\"><p>Auf die Pl\u00e4tze, fertig, Wasser marsch!<br \/>\nTaucht ein in die FLL Saison 2017\/18 HYDRO DYNAMICSSM und lernt alles \u00fcber Wasser \u2013 wie wir es finden, transportieren, nutzen oder es beseitigen. Bei FIRST\u00ae LEGO\u00ae League 2017\/18 machen die Sch\u00fcler\/innen zwischen 9 und 16 Jahren aus 80 L\u00e4ndern weltweit eine gro\u00dfe Welle mit HYDRO DYNAMICSSM. Welche M\u00f6glichkeiten er\u00f6ffnen sich, wenn wir noch besser verstehen, was mit unserem Wasser passiert?<\/p>\n<\/div>\n\t\t<\/div><\/div><\/div><\/div>","protected":false},"excerpt":{"rendered":"<p>Vorkommen, Nutzung, Lagerung und Bewegung von Wasser ergr\u00fcnden<\/p>\n","protected":false},"author":3,"featured_media":0,"parent":0,"menu_order":0,"comment_status":"closed","ping_status":"closed","template":"template-fullwidth.php","meta":{"ngg_post_thumbnail":0,"footnotes":""},"class_list":["post-722","page","type-page","status-publish","hentry"],"_links":{"self":[{"href":"https:\/\/jufotec.ch\/teammindfactory\/wp-json\/wp\/v2\/pages\/722","targetHints":{"allow":["GET"]}}],"collection":[{"href":"https:\/\/jufotec.ch\/teammindfactory\/wp-json\/wp\/v2\/pages"}],"about":[{"href":"https:\/\/jufotec.ch\/teammindfactory\/wp-json\/wp\/v2\/types\/page"}],"author":[{"embeddable":true,"href":"https:\/\/jufotec.ch\/teammindfactory\/wp-json\/wp\/v2\/users\/3"}],"replies":[{"embeddable":true,"href":"https:\/\/jufotec.ch\/teammindfactory\/wp-json\/wp\/v2\/comments?post=722"}],"version-history":[{"count":1,"href":"https:\/\/jufotec.ch\/teammindfactory\/wp-json\/wp\/v2\/pages\/722\/revisions"}],"predecessor-version":[{"id":723,"href":"https:\/\/jufotec.ch\/teammindfactory\/wp-json\/wp\/v2\/pages\/722\/revisions\/723"}],"wp:attachment":[{"href":"https:\/\/jufotec.ch\/teammindfactory\/wp-json\/wp\/v2\/media?parent=722"}],"curies":[{"name":"wp","href":"https:\/\/api.w.org\/{rel}","templated":true}]}}